{"id":495,"date":"2025-04-22T17:08:43","date_gmt":"2025-04-22T17:08:43","guid":{"rendered":"http:\/\/woocommerce1.ziptemplates.top\/?page_id=495"},"modified":"2025-04-24T18:20:33","modified_gmt":"2025-04-24T22:20:33","slug":"about","status":"publish","type":"page","link":"https:\/\/buenaprofe.cl\/en\/about\/","title":{"rendered":"About"},"content":{"rendered":"<div data-elementor-type=\"wp-page\" data-elementor-id=\"495\" class=\"elementor elementor-495\">\n\t\t\t\t<div class=\"elementor-element elementor-element-1b60eded e-flex e-con-boxed e-con e-parent\" data-id=\"1b60eded\" data-element_type=\"container\">\n\t\t\t\t\t<div class=\"e-con-inner\">\n\t\t\t\t<div class=\"elementor-element elementor-element-346cc30a elementor-widget elementor-widget-text-editor\" data-id=\"346cc30a\" data-element_type=\"widget\" data-widget_type=\"text-editor.default\">\n\t\t\t\t<div class=\"elementor-widget-container\">\n\t\t\t\t\t\t\t\t\t\n<div class=\"wp-block-uagb-container uagb-block-90030810 alignfull uagb-is-root-container\">\n<div class=\"uagb-container-inner-blocks-wrap\">\n<div class=\"wp-block-uagb-advanced-heading uagb-block-eb69cfac\">\n<h1 class=\"uagb-heading-text\">Meet Buena Profe<\/h1>\n<\/div>\n<\/div>\n<\/div>\n\n<div class=\"wp-block-uagb-container uagb-block-8595fcf5 alignfull uagb-is-root-container\">\n<div class=\"uagb-container-inner-blocks-wrap\">\n<div class=\"wp-block-uagb-advanced-heading uagb-block-a1318768\">\n<h2 class=\"uagb-heading-text\">Unique products for inspiring teachers<\/h2>\n<\/div>\n\n<div class=\"wp-block-uagb-container uagb-block-10015650 default uagb-is-root-container\">\n<div class=\"wp-block-uagb-container uagb-block-1e62bf29\"><img fetchpriority=\"high\" decoding=\"async\" class=\"wp-image-3851 size-medium alignleft\" src=\"https:\/\/buenaprofe.cl\/wp-content\/uploads\/2025\/04\/IMG_2626-scaled-e1745533184646-300x300.jpeg\" alt=\"\" width=\"300\" height=\"300\" srcset=\"https:\/\/buenaprofe.cl\/wp-content\/uploads\/2025\/04\/IMG_2626-scaled-e1745533184646-300x300.jpeg 300w, https:\/\/buenaprofe.cl\/wp-content\/uploads\/2025\/04\/IMG_2626-scaled-e1745533184646-595x595.jpeg 595w, https:\/\/buenaprofe.cl\/wp-content\/uploads\/2025\/04\/IMG_2626-scaled-e1745533184646-150x150.jpeg 150w, https:\/\/buenaprofe.cl\/wp-content\/uploads\/2025\/04\/IMG_2626-scaled-e1745533184646-768x768.jpeg 768w, https:\/\/buenaprofe.cl\/wp-content\/uploads\/2025\/04\/IMG_2626-scaled-e1745533184646-1536x1536.jpeg 1536w, https:\/\/buenaprofe.cl\/wp-content\/uploads\/2025\/04\/IMG_2626-scaled-e1745533184646-12x12.jpeg 12w, https:\/\/buenaprofe.cl\/wp-content\/uploads\/2025\/04\/IMG_2626-scaled-e1745533184646-380x380.jpeg 380w, https:\/\/buenaprofe.cl\/wp-content\/uploads\/2025\/04\/IMG_2626-scaled-e1745533184646-450x450.jpeg 450w, https:\/\/buenaprofe.cl\/wp-content\/uploads\/2025\/04\/IMG_2626-scaled-e1745533184646-100x100.jpeg 100w, https:\/\/buenaprofe.cl\/wp-content\/uploads\/2025\/04\/IMG_2626-scaled-e1745533184646.jpeg 1920w\" sizes=\"(max-width: 300px) 100vw, 300px\" \/><br \/><\/div>\n\n<div class=\"wp-block-uagb-container uagb-block-0d580909\"><br \/>\n<div class=\"wp-block-uagb-advanced-heading uagb-block-ea0685d9\">\n<p class=\"uagb-heading-text\">Founded by a teacher who seeks to make educators&#039; daily lives easier and bring positive energy to Chilean classrooms.<\/p>\n<p class=\"uagb-desc-text\">At Buena Profe, we combine a passion for teaching with creative and useful products. Our experience as educators has allowed us to select products that truly impact the classroom and motivate students.<\/p>\n<\/div>\n<\/div>\n<\/div>\n<!-- \/wp:uagb\/container --><\/div>\n<\/div>\n<!-- \/wp:uagb\/container --><!-- wp:uagb\/container {\"block_id\":\"97da0e9c\",\"directionDesktop\":\"row\",\"alignItemsTablet\":\"center\",\"alignItemsMobile\":\"stretch\",\"wrapMobile\":\"wrap-reverse\",\"backgroundType\":\"color\",\"backgroundColor\":\"var(--ast-global-color-4)\",\"topPaddingDesktop\":100,\"bottomPaddingDesktop\":100,\"leftPaddingDesktop\":40,\"rightPaddingDesktop\":40,\"topPaddingTablet\":80,\"bottomPaddingTablet\":80,\"leftPaddingTablet\":32,\"rightPaddingTablet\":32,\"topPaddingMobile\":64,\"bottomPaddingMobile\":64,\"leftPaddingMobile\":24,\"rightPaddingMobile\":24,\"paddingLink\":false,\"variationSelected\":true,\"rowGapMobile\":40,\"columnGapDesktop\":100,\"columnGapTablet\":40,\"isBlockRootParent\":true} -->\n<div class=\"wp-block-uagb-container uagb-block-97da0e9c alignfull uagb-is-root-container\">\n<div class=\"uagb-container-inner-blocks-wrap\"><!-- wp:uagb\/advanced-heading {\"block_id\":\"29d512d7\",\"classMigrate\":true,\"headingDescToggle\":true,\"subHeadingColor\":\"\",\"headSpace\":28,\"headSpaceMobile\":15,\"headSpaceTablet\":15,\"subHeadSpace\":0,\"subHeadSpaceMobile\":0,\"subHeadSpaceTablet\":0,\"blockTopPaddingTablet\":0,\"blockRightPaddingTablet\":0,\"blockLeftPaddingTablet\":0,\"blockBottomPaddingTablet\":0,\"blockTopPaddingMobile\":0,\"blockRightPaddingMobile\":0,\"blockLeftPaddingMobile\":0,\"blockBottomPaddingMobile\":0,\"blockTopMarginTablet\":0,\"blockRightMarginTablet\":0,\"blockLeftMarginTablet\":0,\"blockBottomMarginTablet\":0,\"blockTopMarginMobile\":0,\"blockRightMarginMobile\":0,\"blockLeftMarginMobile\":0,\"blockBottomMarginMobile\":0} -->\n<div class=\"wp-block-uagb-advanced-heading uagb-block-29d512d7\">\n<h2>\u00a0<\/h2>\n<h2>\u00a0<\/h2>\n<h2>\u00a0<\/h2>\n<h2 class=\"uagb-heading-text\">Meet the Founder<\/h2>\n<p><img decoding=\"async\" class=\"wp-image-3849 alignleft\" src=\"https:\/\/buenaprofe.cl\/wp-content\/uploads\/2025\/04\/f9f908c5-e88a-4128-8bf5-9953b1909528-1-300x300.png\" alt=\"\" width=\"175\" height=\"175\" srcset=\"https:\/\/buenaprofe.cl\/wp-content\/uploads\/2025\/04\/f9f908c5-e88a-4128-8bf5-9953b1909528-1-300x300.png 300w, https:\/\/buenaprofe.cl\/wp-content\/uploads\/2025\/04\/f9f908c5-e88a-4128-8bf5-9953b1909528-1-595x595.png 595w, https:\/\/buenaprofe.cl\/wp-content\/uploads\/2025\/04\/f9f908c5-e88a-4128-8bf5-9953b1909528-1-150x150.png 150w, https:\/\/buenaprofe.cl\/wp-content\/uploads\/2025\/04\/f9f908c5-e88a-4128-8bf5-9953b1909528-1-768x768.png 768w, https:\/\/buenaprofe.cl\/wp-content\/uploads\/2025\/04\/f9f908c5-e88a-4128-8bf5-9953b1909528-1-12x12.png 12w, https:\/\/buenaprofe.cl\/wp-content\/uploads\/2025\/04\/f9f908c5-e88a-4128-8bf5-9953b1909528-1-380x380.png 380w, https:\/\/buenaprofe.cl\/wp-content\/uploads\/2025\/04\/f9f908c5-e88a-4128-8bf5-9953b1909528-1-450x450.png 450w, https:\/\/buenaprofe.cl\/wp-content\/uploads\/2025\/04\/f9f908c5-e88a-4128-8bf5-9953b1909528-1-100x100.png 100w, https:\/\/buenaprofe.cl\/wp-content\/uploads\/2025\/04\/f9f908c5-e88a-4128-8bf5-9953b1909528-1.png 1080w\" sizes=\"(max-width: 175px) 100vw, 175px\" \/><\/p>\n<p class=\"uagb-desc-text\">Her dedication to teaching and her passion for inspiring her students are the foundation of Buena Profe.<br \/><br \/>She decided to create Buena Profe to offer her colleagues products that would facilitate their daily work and brighten the classroom environment. Her motivation stems from the need to make teaching a more creative and energetic experience.<\/p>\n<\/div>\n<!-- \/wp:uagb\/advanced-heading --><!-- wp:uagb\/image {\"block_id\":\"2b7fcaa8\",\"url\":\"https:\/\/ecommerce.ziptemplates.top\/wp-content\/uploads\/2023\/08\/founder-skip-01.jpg\",\"urlTablet\":\"https:\/\/ecommerce.ziptemplates.top\/wp-content\/uploads\/2023\/08\/founder-skip-01.jpg\",\"urlMobile\":\"https:\/\/ecommerce.ziptemplates.top\/wp-content\/uploads\/2023\/08\/founder-skip-01.jpg\",\"align\":\"right\",\"alignTablet\":\"right\",\"id\":53,\"linkDestination\":\"none\",\"width\":544,\"widthTablet\":332,\"widthMobile\":544,\"height\":500,\"heightTablet\":400,\"heightMobile\":320,\"naturalWidth\":544,\"naturalHeight\":500,\"sizeSlug\":\"custom\",\"sizeSlugTablet\":\"custom\",\"sizeSlugMobile\":\"custom\",\"imageTopMargin\":0,\"imageRightMargin\":0,\"imageLeftMargin\":0,\"imageBottomMargin\":0,\"imageTopMarginTablet\":0,\"imageRightMarginTablet\":0,\"imageLeftMarginTablet\":0,\"imageBottomMarginTablet\":0,\"imageMarginLink\":false,\"objectFit\":\"cover\",\"objectFitTablet\":\"cover\",\"objectFitMobile\":\"cover\",\"customHeightSetDesktop\":true,\"customHeightSetTablet\":true,\"customHeightSetMobile\":true,\"imageBorderTopLeftRadius\":16,\"imageBorderTopRightRadius\":16,\"imageBorderBottomLeftRadius\":16,\"imageBorderBottomRightRadius\":16,\"className\":\"alignright\"} --><br \/><!-- \/wp:uagb\/image --><\/div>\n<\/div>\n<!-- \/wp:uagb\/container --><!-- wp:block {\"ref\":513} \/-->\t\t\t\t\t\t\t\t<\/div>\n\t\t\t\t<\/div>\n\t\t\t\t\t<\/div>\n\t\t\t\t<\/div>\n\t\t\t\t<\/div>","protected":false},"excerpt":{"rendered":"<p>\u00a0 \u00a0 \u00a0 Conoce a la Fundadora Su dedicaci\u00f3n a la ense\u00f1anza y su pasi\u00f3n por inspirar a sus alumnos son la base de Buena Profe. Decidi\u00f3 crear Buena Profe para ofrecer a sus colegas productos que faciliten su labor diaria y alegren el ambiente en el aula. Su motivaci\u00f3n proviene de la necesidad de [&hellip;]<\/p>","protected":false},"author":4,"featured_media":0,"parent":0,"menu_order":0,"comment_status":"closed","ping_status":"closed","template":"","meta":{"footnotes":""},"class_list":["post-495","page","type-page","status-publish","hentry"],"_links":{"self":[{"href":"https:\/\/buenaprofe.cl\/en\/wp-json\/wp\/v2\/pages\/495","targetHints":{"allow":["GET"]}}],"collection":[{"href":"https:\/\/buenaprofe.cl\/en\/wp-json\/wp\/v2\/pages"}],"about":[{"href":"https:\/\/buenaprofe.cl\/en\/wp-json\/wp\/v2\/types\/page"}],"author":[{"embeddable":true,"href":"https:\/\/buenaprofe.cl\/en\/wp-json\/wp\/v2\/users\/4"}],"replies":[{"embeddable":true,"href":"https:\/\/buenaprofe.cl\/en\/wp-json\/wp\/v2\/comments?post=495"}],"version-history":[{"count":4,"href":"https:\/\/buenaprofe.cl\/en\/wp-json\/wp\/v2\/pages\/495\/revisions"}],"predecessor-version":[{"id":3854,"href":"https:\/\/buenaprofe.cl\/en\/wp-json\/wp\/v2\/pages\/495\/revisions\/3854"}],"wp:attachment":[{"href":"https:\/\/buenaprofe.cl\/en\/wp-json\/wp\/v2\/media?parent=495"}],"curies":[{"name":"wp","href":"https:\/\/api.w.org\/{rel}","templated":true}]}}