{"id":1165,"date":"2025-04-23T22:43:54","date_gmt":"2025-04-24T02:43:54","guid":{"rendered":"https:\/\/buenaprofe.cl\/product\/timbres-motivacionales\/"},"modified":"2025-04-25T14:41:36","modified_gmt":"2025-04-25T18:41:36","slug":"timbres-motivacionales","status":"publish","type":"product","link":"https:\/\/buenaprofe.cl\/en\/product\/timbres-motivacionales\/","title":{"rendered":"Motivational Ringtones"},"content":{"rendered":"<div class=\"product-specs-list-container\">\n<ul class=\"product-specs-list util-clearfix\">\n<li class=\"product-prop line-limit-length\"><span class=\"property-title\">Origin:&nbsp;<\/span><span class=\"property-desc line-limit-length\">CN(Origin)<\/span>\n\t\t\t\t\t\t<\/li>\n<\/ul><\/div>\n<div class=\"detailmodule_html\">\n<div class=\"detail-desc-decorate-richtext\">\n<div class=\"detailmodule_html\">\n<div class=\"detail-desc-decorate-richtext\">\n<div style=\", Arial, Helvetica, sans-serif, Heiti;font-size:14px\"><span style=\"font-size:26px\"><span style=\"font-size:26px\"><span style=\"font-size:26px\"><span style=\"font-size:26px;font-family:verdana, geneva, sans-serif\">Note<\/span><\/span><\/span><\/span><\/div>\n<ul style=\", Arial, Helvetica, sans-serif, Heiti;font-size:14px;margin:0px;margin-bottom:0px;margin-top:0px;margin-left:0px;margin-right:0px;padding:0px 0px 0px 0em;padding-bottom:0px;padding-top:0px;padding-right:0px\">\n<li style=\"margin-left:0px\">\n<div>\n<div><span style=\"font-size:20px\">Stamp pattern color (ink color): red, black, purple, and blue can be selected (default color: black)<\/span><\/div>\n<div>&nbsp;<\/div>\n<div>\n<\/div>\n<div><img decoding=\"async\" src=\"https:\/\/ae01.alicdn.com\/kf\/S66408cf4cddc46b9b7755dc154dcab3cW.jpg\"><img decoding=\"async\" src=\"https:\/\/ae01.alicdn.com\/kf\/S45e9453ab55b446cbfd8e5d856fef918m.jpg\"><img decoding=\"async\" src=\"https:\/\/ae01.alicdn.com\/kf\/Saad258388205458eb637834c5f8659810.jpg\"><img decoding=\"async\" src=\"https:\/\/ae01.alicdn.com\/kf\/Se739f4ddc76946e7b46bfef8c4e8c4c0e.jpg\"><\/div>\n<div>&nbsp;<\/div>\n<\/div>\n<\/li>\n<li style=\"margin-left:0px\">\n<p><\/p>\n<\/li>\n<li style=\"margin-left:0px\">\n<p><\/p>\n<\/li>\n<li style=\"margin-left:0px\">\n<div><span style=\"font-size:16px\"><span style=\"font-family:verdana, geneva, sans-serif\"><span><span><span>Comments<\/span><\/span><\/span><\/span><\/span><\/div>\n<p style=\"line-height:inherit;margin:0px;margin-bottom:0px;margin-top:0px;margin-left:0px;margin-right:0px\">If you are satisfied with our products and services, please help us<span>Leave us \u201cpositive feedback\u201d and \u201c5 perfect stars\u201d<\/span>When you receive your items, we&#039;ll do the same for you. If you&#039;re not satisfied, please give us the opportunity to resolve the problem before leaving us negative feedback. Thank you in advance!<\/p>\n<\/li>\n<\/ul>\n<p><\/p>\n<\/div>\n<\/div>\n<p><\/p>\n<\/div>\n<\/div>","protected":false},"excerpt":{"rendered":"<p>Origen:&nbsp;CN(Origen) Nota Color del patr\u00f3n de sello (color de tinta): se pueden seleccionar rojo, negro, morado y azul (color predeterminado: negro) &nbsp; &nbsp; Comentarios Si est\u00e1 satisfecho con nuestros productos y servicios, ay\u00fadenos ad\u00e9jenos &#8220;comentarios positivos&#8221; y &#8220;5 estrellas perfectas&#8221;Cuando reciba sus art\u00edculos y haremos lo mismo por usted. Si no est\u00e1 satisfecho, d\u00e9nos la [&hellip;]<\/p>","protected":false},"featured_media":774,"comment_status":"open","ping_status":"closed","template":"","meta":[],"product_brand":[],"product_cat":[26],"product_tag":[],"class_list":{"0":"post-1165","1":"product","2":"type-product","3":"status-publish","4":"has-post-thumbnail","6":"product_cat-timbres-motivacionales","8":"first","9":"instock","10":"taxable","11":"shipping-taxable","12":"purchasable","13":"product-type-variable"},"_links":{"self":[{"href":"https:\/\/buenaprofe.cl\/en\/wp-json\/wp\/v2\/product\/1165","targetHints":{"allow":["GET"]}}],"collection":[{"href":"https:\/\/buenaprofe.cl\/en\/wp-json\/wp\/v2\/product"}],"about":[{"href":"https:\/\/buenaprofe.cl\/en\/wp-json\/wp\/v2\/types\/product"}],"replies":[{"embeddable":true,"href":"https:\/\/buenaprofe.cl\/en\/wp-json\/wp\/v2\/comments?post=1165"}],"wp:featuredmedia":[{"embeddable":true,"href":"https:\/\/buenaprofe.cl\/en\/wp-json\/wp\/v2\/media\/774"}],"wp:attachment":[{"href":"https:\/\/buenaprofe.cl\/en\/wp-json\/wp\/v2\/media?parent=1165"}],"wp:term":[{"taxonomy":"product_brand","embeddable":true,"href":"https:\/\/buenaprofe.cl\/en\/wp-json\/wp\/v2\/product_brand?post=1165"},{"taxonomy":"product_cat","embeddable":true,"href":"https:\/\/buenaprofe.cl\/en\/wp-json\/wp\/v2\/product_cat?post=1165"},{"taxonomy":"product_tag","embeddable":true,"href":"https:\/\/buenaprofe.cl\/en\/wp-json\/wp\/v2\/product_tag?post=1165"}],"curies":[{"name":"wp","href":"https:\/\/api.w.org\/{rel}","templated":true}]}}