{"id":3872,"date":"2025-04-25T12:41:55","date_gmt":"2025-04-25T16:41:55","guid":{"rendered":"https:\/\/buenaprofe.cl\/product\/poster-docente\/"},"modified":"2025-04-25T12:42:08","modified_gmt":"2025-04-25T16:42:08","slug":"poster-docente","status":"publish","type":"product","link":"https:\/\/buenaprofe.cl\/en\/product\/poster-docente\/","title":{"rendered":"Teaching Poster"},"content":{"rendered":"<div class=\"product-specs-list-container\">\n<ul class=\"product-specs-list util-clearfix\">\n<li class=\"product-prop line-limit-length\"><span class=\"property-title\">Chemical of great concern:&nbsp;<\/span><span class=\"property-desc line-limit-length\">None<\/span>\n\t\t\t\t\t\t<\/li>\n<li class=\"product-prop line-limit-length\"><span class=\"property-title\">Dispositivo inteligente:&nbsp;<\/span><span class=\"property-desc line-limit-length\">no<\/span>\n\t\t\t\t\t\t<\/li>\n<li class=\"product-prop line-limit-length\"><span class=\"property-title\">Can be customized:&nbsp;<\/span><span class=\"property-desc line-limit-length\">FORKS<\/span>\n\t\t\t\t\t\t<\/li>\n<li class=\"product-prop line-limit-length\"><span class=\"property-title\">Original:&nbsp;<\/span><span class=\"property-desc line-limit-length\">No<\/span>\n\t\t\t\t\t\t<\/li>\n<li class=\"product-prop line-limit-length\"><span class=\"property-title\">Shape:&nbsp;<\/span><span class=\"property-desc line-limit-length\">Rect\u00e1ngulo vertical<\/span>\n\t\t\t\t\t\t<\/li>\n<li class=\"product-prop line-limit-length\"><span class=\"property-title\">Model Number:&nbsp;<\/span><span class=\"property-desc line-limit-length\">CT10058<\/span>\n\t\t\t\t\t\t<\/li>\n<li class=\"product-prop line-limit-length\"><span class=\"property-title\">T\u00e9cnicas:&nbsp;<\/span><span class=\"property-desc line-limit-length\">Pintura en aerosol<\/span>\n\t\t\t\t\t\t<\/li>\n<li class=\"product-prop line-limit-length\"><span class=\"property-title\">Formulario:&nbsp;<\/span><span class=\"property-desc line-limit-length\">Individual<\/span>\n\t\t\t\t\t\t<\/li>\n<li class=\"product-prop line-limit-length\"><span class=\"property-title\">Tipo de lienzo:&nbsp;<\/span><span class=\"property-desc line-limit-length\">Lona<\/span>\n\t\t\t\t\t\t<\/li>\n<li class=\"product-prop line-limit-length\"><span class=\"property-title\">Tipo de pintura:&nbsp;<\/span><span class=\"property-desc line-limit-length\">Tinta impermeable<\/span>\n\t\t\t\t\t\t<\/li>\n<li class=\"product-prop line-limit-length\"><span class=\"property-title\">Marco:&nbsp;<\/span><span class=\"property-desc line-limit-length\">No<\/span>\n\t\t\t\t\t\t<\/li>\n<li class=\"product-prop line-limit-length\"><span class=\"property-title\">Style:&nbsp;<\/span><span class=\"property-desc line-limit-length\">Classic<\/span>\n\t\t\t\t\t\t<\/li>\n<li class=\"product-prop line-limit-length\"><span class=\"property-title\">Material:&nbsp;<\/span><span class=\"property-desc line-limit-length\">Lona<\/span>\n\t\t\t\t\t\t<\/li>\n<li class=\"product-prop line-limit-length\"><span class=\"property-title\">Tipo de enmarcado:&nbsp;<\/span><span class=\"property-desc line-limit-length\">Sin marco<\/span>\n\t\t\t\t\t\t<\/li>\n<li class=\"product-prop line-limit-length\"><span class=\"property-title\">Motivo:&nbsp;<\/span><span class=\"property-desc line-limit-length\">Animal<\/span>\n\t\t\t\t\t\t<\/li>\n<li class=\"product-prop line-limit-length\"><span class=\"property-title\">Guy:&nbsp;<\/span><span class=\"property-desc line-limit-length\">Impresiones en lienzo<\/span>\n\t\t\t\t\t\t<\/li>\n<li class=\"product-prop line-limit-length\"><span class=\"property-title\">Brand Name:&nbsp;<\/span><span class=\"property-desc line-limit-length\">yiqing<\/span>\n\t\t\t\t\t\t<\/li>\n<li class=\"product-prop line-limit-length\"><span class=\"property-title\">Origin:&nbsp;<\/span><span class=\"property-desc line-limit-length\">CN(Origin)<\/span>\n\t\t\t\t\t\t<\/li>\n<li class=\"product-prop line-limit-length\"><span class=\"property-title\">CN:&nbsp;<\/span><span class=\"property-desc line-limit-length\">Zhejiang<\/span>\n\t\t\t\t\t\t<\/li>\n<li class=\"product-prop line-limit-length\"><span class=\"property-title\">Major Material:&nbsp;<\/span><span class=\"property-desc line-limit-length\">Canvas<\/span>\n\t\t\t\t\t\t<\/li>\n<li class=\"product-prop line-limit-length\"><span class=\"property-title\">is customized:&nbsp;<\/span><span class=\"property-desc line-limit-length\">FORKS<\/span>\n\t\t\t\t\t\t<\/li>\n<li class=\"product-prop line-limit-length\"><span class=\"property-title\">Shape:&nbsp;<\/span><span class=\"property-desc line-limit-length\">Vertical Rectangle<\/span>\n\t\t\t\t\t\t<\/li>\n<li class=\"product-prop line-limit-length\"><span class=\"property-title\">Model Number:&nbsp;<\/span><span class=\"property-desc line-limit-length\">Canvas<\/span>\n\t\t\t\t\t\t<\/li>\n<li class=\"product-prop line-limit-length\"><span class=\"property-title\">Technics:&nbsp;<\/span><span class=\"property-desc line-limit-length\">Spray Painting<\/span>\n\t\t\t\t\t\t<\/li>\n<li class=\"product-prop line-limit-length\"><span class=\"property-title\">Support Base:&nbsp;<\/span><span class=\"property-desc line-limit-length\">CANVAS<\/span>\n\t\t\t\t\t\t<\/li>\n<li class=\"product-prop line-limit-length\"><span class=\"property-title\">Type:&nbsp;<\/span><span class=\"property-desc line-limit-length\">Canvas Printings<\/span>\n\t\t\t\t\t\t<\/li>\n<li class=\"product-prop line-limit-length\"><span class=\"property-title\">Brand Name:&nbsp;<\/span><span class=\"property-desc line-limit-length\">yiqing<\/span>\n\t\t\t\t\t\t<\/li>\n<li class=\"product-prop line-limit-length\"><span class=\"property-title\">Custom sizes:&nbsp;<\/span><span class=\"property-desc line-limit-length\">Yes, if you need a custom size please contact us<\/span>\n\t\t\t\t\t\t<\/li>\n<li class=\"product-prop line-limit-length\"><span class=\"property-title\">Product suitable location:&nbsp;<\/span><span class=\"property-desc line-limit-length\">Baby room, living room, coffee shop, bar, etc.<\/span>\n\t\t\t\t\t\t<\/li>\n<li class=\"product-prop line-limit-length\"><span class=\"property-title\">Product function introduction:&nbsp;<\/span><span class=\"property-desc line-limit-length\">Decorative paintings, photography props, decorations, DIY murals, etc.<\/span>\n\t\t\t\t\t\t<\/li>\n<li class=\"product-prop line-limit-length\"><span class=\"property-title\">Product making:&nbsp;<\/span><span class=\"property-desc line-limit-length\">HD Photo inkjet production<\/span>\n\t\t\t\t\t\t<\/li>\n<li class=\"product-prop line-limit-length\"><span class=\"property-title\">product description:&nbsp;<\/span><span class=\"property-desc line-limit-length\">Patterns with simple personality, such as people, animals, plants<\/span>\n\t\t\t\t\t\t<\/li>\n<li class=\"product-prop line-limit-length\"><span class=\"property-title\">Drop shipping:&nbsp;<\/span><span class=\"property-desc line-limit-length\">Support<\/span>\n\t\t\t\t\t\t<\/li>\n<\/ul><\/div>\n<div class=\"detailmodule_html\">\n<div class=\"detail-desc-decorate-richtext\">\n<div class=\"detailmodule_html\">\n<div class=\"detail-desc-decorate-richtext\"><img fetchpriority=\"high\" decoding=\"async\" height=\"563\" src=\"https:\/\/ae01.alicdn.com\/kf\/Sc0287edd303a4833afd493a04446d8496.jpg?width=1000&amp;height=563&amp;hash=1563\" style=\"width: 100%;height: auto;vertical-align: middle\" width=\"1000\"><\/p>\n<p style=\"text-align:left;color:#434649;font-size:16px;font-weight:bold\">P\u00f3ster de arte de la pared del aula de la educaci\u00f3n est\u00e9tica inspiradora de la televisi\u00f3n de la esquina del cal esmeril moderno para la decoraci\u00f3n del hogar y la escuela<\/p>\n<p style=\"text-align:left;color:#434649;font-size:13px\">NOTA<br \/>El producto no agrega bordes por defecto, tenga en cuenta si lo necesita<br \/>Algo importante para nuestros clientes:<br \/>1. La pintura no est\u00e1 hecha a mano, es un micro spray art\u00edstico HD.<br \/>El borde blanco adicional de 2,2,5-5 cm es para el marco de cada panel. El tama\u00f1o se mide a mano, puede haber un error de 1 cm.<br \/>3. Enviaremos el paquete dentro de 24-48 horas.<br \/>4. Nuestra pintura no tiene marco exterior, solo lienzo enrollado.<br \/>5.Debido a la diferente configuraci\u00f3n de la pantalla, la diferencia de color entre los productos reales y las im\u00e1genes estar\u00e1 bien.La aceptaci\u00f3n final estar\u00e1 sujeta a los productos f\u00edsicos.<br \/>6.Si necesita tama\u00f1os personalizados, cont\u00e1ctenos.<br \/>7. Apoyamos el servicio de dropshipping.<\/p>\n<p><img decoding=\"async\" height=\"920\" src=\"https:\/\/ae01.alicdn.com\/kf\/Se93b12e9b64044bd8982f33dd12507dao.jpg?width=920&amp;height=920&amp;hash=1840\" style=\"width: 100%;height: auto;vertical-align: middle\" width=\"920\"><img decoding=\"async\" height=\"920\" src=\"https:\/\/ae01.alicdn.com\/kf\/S798bf1f385e7475fa063c0b69c7b15ebp.jpg?width=920&amp;height=920&amp;hash=1840\" style=\"width: 100%;height: auto;vertical-align: middle\" width=\"920\"><img loading=\"lazy\" decoding=\"async\" height=\"920\" src=\"https:\/\/ae01.alicdn.com\/kf\/Sf1625f0dabf04837a2ea74ea8aeca0339.jpg?width=920&amp;height=920&amp;hash=1840\" style=\"width: 100%;height: auto;vertical-align: middle\" width=\"920\"><img loading=\"lazy\" decoding=\"async\" height=\"920\" src=\"https:\/\/ae01.alicdn.com\/kf\/S31c2086aa72a44138a637ce10fcc20da1.jpg?width=920&amp;height=920&amp;hash=1840\" style=\"width: 100%;height: auto;vertical-align: middle\" width=\"920\"><img loading=\"lazy\" decoding=\"async\" height=\"920\" src=\"https:\/\/ae01.alicdn.com\/kf\/S0efe66ffe9ac4774a78cedab5c7997dcV.jpg?width=920&amp;height=920&amp;hash=1840\" style=\"width: 100%;height: auto;vertical-align: middle\" width=\"920\"><img loading=\"lazy\" decoding=\"async\" height=\"920\" src=\"https:\/\/ae01.alicdn.com\/kf\/S2925dead240a41e19010a33de9e13296A.jpg?width=920&amp;height=920&amp;hash=1840\" style=\"width: 100%;height: auto;vertical-align: middle\" width=\"920\"><img loading=\"lazy\" decoding=\"async\" height=\"1200\" src=\"https:\/\/ae01.alicdn.com\/kf\/S927998a5b2fb41f494b8ac5ddd45e6b8y.jpg?width=1200&amp;height=1200&amp;hash=2400\" style=\"width: 100%;height: auto;vertical-align: middle\" width=\"1200\"><img loading=\"lazy\" decoding=\"async\" height=\"1000\" src=\"https:\/\/ae01.alicdn.com\/kf\/S3fe71552f08443939a2d717719bf74c5X.jpg?width=1000&amp;height=1000&amp;hash=2000\" style=\"width: 100%;height: auto;vertical-align: middle\" width=\"1000\"><img loading=\"lazy\" decoding=\"async\" height=\"800\" src=\"https:\/\/ae01.alicdn.com\/kf\/S48b4dcb59b2044a2b95ebca1e3028922G.jpg?width=800&amp;height=800&amp;hash=1600\" style=\"width: 100%;height: auto;vertical-align: middle\" width=\"800\"><img loading=\"lazy\" decoding=\"async\" height=\"800\" src=\"https:\/\/ae01.alicdn.com\/kf\/S99c6180fcb634278b79e7a0592f176c2l.jpg?width=800&amp;height=800&amp;hash=1600\" style=\"width: 100%;height: auto;vertical-align: middle\" width=\"800\"><img loading=\"lazy\" decoding=\"async\" height=\"1000\" src=\"https:\/\/ae01.alicdn.com\/kf\/Sc6543dad876a4f34b042693e32dd3e20y.jpg?width=1000&amp;height=1000&amp;hash=2000\" style=\"width: 100%;height: auto;vertical-align: middle\" width=\"1000\"><img loading=\"lazy\" decoding=\"async\" height=\"1498\" src=\"https:\/\/ae01.alicdn.com\/kf\/S40b3bab9795847e99eaa3c6939517eccV.jpg?width=800&amp;height=1498&amp;hash=2298\" style=\"width: 100%;height: auto;vertical-align: middle\" width=\"800\"><img loading=\"lazy\" decoding=\"async\" height=\"1000\" src=\"https:\/\/ae01.alicdn.com\/kf\/Sd6822e79d042466cb67b6d69a54d0571j.jpg?width=1000&amp;height=1000&amp;hash=2000\" style=\"width: 100%;height: auto;vertical-align: middle\" width=\"1000\"><img loading=\"lazy\" decoding=\"async\" height=\"82\" src=\"https:\/\/ae01.alicdn.com\/kf\/S5f323ca3bed8467d9d9fcc0cc809b9a4Y.jpg?width=800&amp;height=82&amp;hash=882\" style=\"width: 100%;height: auto;vertical-align: middle\" width=\"800\"><\/p>\n<p style=\"text-align:left;color:#434649;font-size:13px\">La satisfacci\u00f3n del 100% est\u00e1 garantizada.<br \/>Todas nuestras im\u00e1genes son versiones de alta definici\u00f3n, no dude en contactarnos si hay alg\u00fan problema de calidad, art\u00edculo no recibido, etc., se acepta reembolso o reemplazo. No deje un comentario negativo antes del contacto.<\/p>\n<p><img loading=\"lazy\" decoding=\"async\" height=\"656\" src=\"https:\/\/ae01.alicdn.com\/kf\/Sb2038e4270a0436e9237282351d7f634r.jpg?width=920&amp;height=656&amp;hash=1576\" style=\"width: 100%;height: auto;vertical-align: middle\" width=\"920\"><\/div>\n<\/div>\n<\/div>\n<\/div>","protected":false},"excerpt":{"rendered":"<p>Producto qu\u00edmico muy preocupado:&nbsp;Ninguno Dispositivo inteligente:&nbsp;no Se puede personalizar:&nbsp;YES Original:&nbsp;No Forma:&nbsp;Rect\u00e1ngulo vertical N\u00famero de modelo:&nbsp;CT10058 T\u00e9cnicas:&nbsp;Pintura en aerosol Formulario:&nbsp;Individual Tipo de lienzo:&nbsp;Lona Tipo de pintura:&nbsp;Tinta impermeable Marco:&nbsp;No Estilo:&nbsp;Cl\u00e1sico Material:&nbsp;Lona Tipo de enmarcado:&nbsp;Sin marco Motivo:&nbsp;Animal Tipo:&nbsp;Impresiones en lienzo Nombre de la marca:&nbsp;yiqing Origen:&nbsp;CN(Origen) CN:&nbsp;Zhejiang Major Material:&nbsp;Canvas is customized:&nbsp;YES Shape:&nbsp;Vertical Rectangle Model Number:&nbsp;Canvas Technics:&nbsp;Spray Painting Support Base:&nbsp;CANVAS [&hellip;]<\/p>","protected":false},"featured_media":676,"comment_status":"open","ping_status":"closed","template":"","meta":[],"product_brand":[],"product_cat":[29],"product_tag":[],"class_list":{"0":"post-3872","1":"product","2":"type-product","3":"status-publish","4":"has-post-thumbnail","6":"product_cat-accesorios-de-escritorio","8":"first","9":"instock","10":"taxable","11":"shipping-taxable","12":"purchasable","13":"product-type-variable"},"_links":{"self":[{"href":"https:\/\/buenaprofe.cl\/en\/wp-json\/wp\/v2\/product\/3872","targetHints":{"allow":["GET"]}}],"collection":[{"href":"https:\/\/buenaprofe.cl\/en\/wp-json\/wp\/v2\/product"}],"about":[{"href":"https:\/\/buenaprofe.cl\/en\/wp-json\/wp\/v2\/types\/product"}],"replies":[{"embeddable":true,"href":"https:\/\/buenaprofe.cl\/en\/wp-json\/wp\/v2\/comments?post=3872"}],"wp:featuredmedia":[{"embeddable":true,"href":"https:\/\/buenaprofe.cl\/en\/wp-json\/wp\/v2\/media\/676"}],"wp:attachment":[{"href":"https:\/\/buenaprofe.cl\/en\/wp-json\/wp\/v2\/media?parent=3872"}],"wp:term":[{"taxonomy":"product_brand","embeddable":true,"href":"https:\/\/buenaprofe.cl\/en\/wp-json\/wp\/v2\/product_brand?post=3872"},{"taxonomy":"product_cat","embeddable":true,"href":"https:\/\/buenaprofe.cl\/en\/wp-json\/wp\/v2\/product_cat?post=3872"},{"taxonomy":"product_tag","embeddable":true,"href":"https:\/\/buenaprofe.cl\/en\/wp-json\/wp\/v2\/product_tag?post=3872"}],"curies":[{"name":"wp","href":"https:\/\/api.w.org\/{rel}","templated":true}]}}