{"id":3936,"date":"2025-04-25T12:42:13","date_gmt":"2025-04-25T16:42:13","guid":{"rendered":"https:\/\/buenaprofe.cl\/product\/notas-adhesivas-ingles\/"},"modified":"2025-04-25T12:42:16","modified_gmt":"2025-04-25T16:42:16","slug":"notas-adhesivas-ingles","status":"publish","type":"product","link":"https:\/\/buenaprofe.cl\/en\/product\/notas-adhesivas-ingles\/","title":{"rendered":"Sticky Notes English"},"content":{"rendered":"<div class=\"product-specs-list-container\">\n<ul class=\"product-specs-list util-clearfix\">\n<li class=\"product-prop line-limit-length\"><span class=\"property-title\">Chemical of great concern:&nbsp;<\/span><span class=\"property-desc line-limit-length\">None<\/span>\n\t\t\t\t\t\t<\/li>\n<li class=\"product-prop line-limit-length\"><span class=\"property-title\">Customizable:&nbsp;<\/span><span class=\"property-desc line-limit-length\">No<\/span>\n\t\t\t\t\t\t<\/li>\n<li class=\"product-prop line-limit-length\"><span class=\"property-title\">Model Number:&nbsp;<\/span><span class=\"property-desc line-limit-length\">05547<\/span>\n\t\t\t\t\t\t<\/li>\n<li class=\"product-prop line-limit-length\"><span class=\"property-title\">Feature:&nbsp;<\/span><span class=\"property-desc line-limit-length\">Self-adhesive<\/span>\n\t\t\t\t\t\t<\/li>\n<li class=\"product-prop line-limit-length\"><span class=\"property-title\">Function:&nbsp;<\/span><span class=\"property-desc line-limit-length\">Decoration<\/span>\n\t\t\t\t\t\t<\/li>\n<li class=\"product-prop line-limit-length\"><span class=\"property-title\">Magnetism:&nbsp;<\/span><span class=\"property-desc line-limit-length\">No<\/span>\n\t\t\t\t\t\t<\/li>\n<li class=\"product-prop line-limit-length\"><span class=\"property-title\">Adhesive or not:&nbsp;<\/span><span class=\"property-desc line-limit-length\">Yeah<\/span>\n\t\t\t\t\t\t<\/li>\n<li class=\"product-prop line-limit-length\"><span class=\"property-title\">Brand Name:&nbsp;<\/span><span class=\"property-desc line-limit-length\">Gimue<\/span>\n\t\t\t\t\t\t<\/li>\n<li class=\"product-prop line-limit-length\"><span class=\"property-title\">Origin:&nbsp;<\/span><span class=\"property-desc line-limit-length\">CN(Origin)<\/span>\n\t\t\t\t\t\t<\/li>\n<li class=\"product-prop line-limit-length\"><span class=\"property-title\">Style:&nbsp;<\/span><span class=\"property-desc line-limit-length\">Notepad<\/span>\n\t\t\t\t\t\t<\/li>\n<\/ul><\/div>\n<div class=\"detailmodule_html\">\n<div class=\"detail-desc-decorate-richtext\">\n<div class=\"detailmodule_html\">\n<div class=\"detail-desc-decorate-richtext\">\n<div style=\"width:790px\">\n<div style=\"font-family:ali-webfont;font-size:0px;padding:10px;padding-bottom:10px;padding-top:10px;padding-left:10px;padding-right:10px;width:395px\" class=\"rich-text-component\"><\/p>\n<p style=\"text-align:center\" align=\"center\">\u94fe\u63a5:https:\/\/pan.baidu.com\/s\/1hYsc_Pm-yo4vScPJo3l6QQ?pwd=wnbg<\/p>\n<p style=\"text-align:center\" align=\"center\">\u63d0material:wnbg<\/p>\n<\/div>\n<div><img decoding=\"async\" style=\"width:100%;height:auto\" width=\"100%\" height=\"auto\" src=\"https:\/\/ae01.alicdn.com\/kf\/S06d7753adc004625aee61f9a40fc8e47d.jpg\" usemap=\"#_sdmap_1\"> <img decoding=\"async\" style=\"width:100%;height:auto\" width=\"100%\" height=\"auto\" src=\"https:\/\/ae01.alicdn.com\/kf\/Sf0a8c27931b14be889f1b7e00938b0a2A.jpg\" usemap=\"#_sdmap_2\"> <img decoding=\"async\" style=\"width:100%;height:auto\" width=\"100%\" height=\"auto\" src=\"https:\/\/ae01.alicdn.com\/kf\/Sa85e210160114c6488d7b3301068dff8e.jpg\" usemap=\"#_sdmap_3\"> <img decoding=\"async\" style=\"width:100%;height:auto\" width=\"100%\" height=\"auto\" src=\"https:\/\/ae01.alicdn.com\/kf\/S10b07192cadf4e0dae1a6e691be3b3bc4.jpg\" usemap=\"#_sdmap_4\"> <img decoding=\"async\" style=\"width:100%;height:auto\" width=\"100%\" height=\"auto\" src=\"https:\/\/ae01.alicdn.com\/kf\/Sc7a0d92e98974256b4572b83940ab88bd.jpg\" usemap=\"#_sdmap_5\"> <img decoding=\"async\" style=\"width:100%;height:auto\" width=\"100%\" height=\"auto\" src=\"https:\/\/ae01.alicdn.com\/kf\/S67933a7ee08b41b1ab04d9d1aedb30472.jpg\" usemap=\"#_sdmap_6\"> <img decoding=\"async\" style=\"width:100%;height:auto\" width=\"100%\" height=\"auto\" src=\"https:\/\/ae01.alicdn.com\/kf\/S9ccfbf1c41f7492aa0b6f8c82635d723h.jpg\" usemap=\"#_sdmap_7\"> <img decoding=\"async\" style=\"width:100%;height:auto\" width=\"100%\" height=\"auto\" src=\"https:\/\/ae01.alicdn.com\/kf\/S63d2f7fd78584fd6b1d5afab5bf13177D.jpg\" usemap=\"#_sdmap_8\"> <img decoding=\"async\" style=\"width:100%;height:auto\" width=\"100%\" height=\"auto\" src=\"https:\/\/ae01.alicdn.com\/kf\/S9220093cac4c4637861eb27c90193037u.jpg\" usemap=\"#_sdmap_9\"> <img decoding=\"async\" style=\"width:100%;height:auto\" width=\"100%\" height=\"auto\" src=\"https:\/\/ae01.alicdn.com\/kf\/Sa399ce0b2282466eb5f98684b1fb35734.jpg\" usemap=\"#_sdmap_10\"> <img decoding=\"async\" style=\"width:100%;height:auto\" width=\"100%\" height=\"auto\" src=\"https:\/\/ae01.alicdn.com\/kf\/S1bd19c13044d42b0915c08e93b2bee03i.jpg\" usemap=\"#_sdmap_11\"> <img decoding=\"async\" style=\"width:100%;height:auto\" width=\"100%\" height=\"auto\" src=\"https:\/\/ae01.alicdn.com\/kf\/S98b69092b449471990bfa69263404edeq.jpg\" usemap=\"#_sdmap_12\"> <img decoding=\"async\" style=\"width:100%;height:auto\" width=\"100%\" height=\"auto\" src=\"https:\/\/ae01.alicdn.com\/kf\/S10bb8bca2564445ba24021b8bcef509dK.jpg\" usemap=\"#_sdmap_13\"> <img decoding=\"async\" style=\"width:100%;height:auto\" width=\"100%\" height=\"auto\" src=\"https:\/\/ae01.alicdn.com\/kf\/Sfe226b120ddc453c90ba4f5058144586B.jpg\" usemap=\"#_sdmap_14\"> <img decoding=\"async\" style=\"width:100%;height:auto\" width=\"100%\" height=\"auto\" src=\"https:\/\/ae01.alicdn.com\/kf\/S1da30f3e84db484eb6c08a78a1411ba50.jpg\" usemap=\"#_sdmap_15\"><\/div>\n<div style=\"font-family:ali-webfont;font-size:0px;padding:10px;padding-bottom:10px;padding-top:10px;padding-left:10px;padding-right:10px;width:395px\" class=\"rich-text-component\">\n<p><strong>\u63d0:<\/strong><\/p>\n<p>\u4e3a\u4ee5\u4e00\u7684,\u5e97\u7684\u524d\u4e00\u4e0b\u7684,\u7684\u53ef\u4ee5\u63d0,<\/p>\n<p><\/p>\n<p>1\u3001100\u5143,\u53552\u4e0a,\u4e00\u6b3e\u8272,\u662f100\u5143\u3002<\/p>\n<p><\/p>\n<p>2\u3001\u4e0a\u7684\u4ef7\u683c\u662f,,\u5927\u53ef\u4ee5\u7ebf\u8be6\u3002<\/p>\n<p><\/p>\n<p>3\u3001,\u52a0\u5165\u5355\u4e00\u62cd\u4e0b,\u90ae\u8d39\u81ea\u751f,\u5e74\u5e95\u5e38,lek\u5e38,\u60c5\u8bf7;<\/p>\n<p><\/p>\n<p>4\u3001\u6b3e48\u5c0f\u5185,\u5982\u60c5\u7684,\u6211\u60a8\u3002<\/p>\n<p><\/p>\n<p>5\u3001\u5e97,\u4ea7\u54c1\u8fd0\u8f93 fc\u635f\u7684,\u4e00(\u6211\u7684\u5305\u88c5\u5e38\u5b9e\u7684,\u635f\u7684\u7387\u5c0f),\u8bf7\u63a5\u53d7\u7684\u62cd\u3002<\/p>\n<p><\/p>\n<p>6\u3001\u4e0a\u62cd\u7684\u4ea7\u54c1\u662f\u7684,\u4e2a\u7684\u4ea7\u54c1,\u6211\u5355\u4e0a,\u8bf7\u6b3e,\u5355;<\/p>\n<p><\/p>\n<p>\u7684\u6211\u60a8<\/p>\n<p><\/p>\n<p>7\u3001\u5173\u4e8e,\u8bf7\u60a83\u5185\u7684\u8d28\u91cf,\u5982\u3002<\/p>\n<p><\/p>\n<p>\u63d0:\u6211\u524d\u662f\u4e2a\u6b3e\u7684,\u524d\u8bf7\u60a8\u5305\u88c5,\u635f,<\/p>\n<p><\/p>\n<p>\u8bf7,\u5982,\u8bf7\u5168;<\/p>\n<p><\/p>\n<p>8\u3001\u4fe1\u53ef\u4ee5\u7684\u4e3a\u957f!\u5927\u751f\u610f,\u25c6\u4e3a\u8272\u6837,\u6211\u4e00,\u5b58\u7684\u60c5\u4e0b\u8272<\/p>\n<p>\u25c6\u5e97\u5185\u7684\u662f\u5b9e\u7684,\u81ea\u8fd0\u8d39,\u5305\u90ae\u7684\u5355\u8bf7\u4e0b\u5355\u8fd0\u8d39<\/p>\n<p><\/p>\n<p><strong>\u652f\u4ed8\u548c\u53d1\u8d27\u95ee\u9898<\/strong><\/p>\n<p>\u53ef\u4ee5\u7528\u6613,\u5e97\u5185\u62cd\u4e0b\u60a8\u7684<\/p>\n<p>\u53e6\u6211\u8fd8\u53ef\u4ee5\u91c7\u7528\u94f6\u8f6c\u8d26\u6b3e\u3002\u94f6\u8f6c\u8d26\u7684,\u8f6c\u8d26\u8bf7\u60a8\u4e0b\u5355\u7684,\u6b3e\u60a8\u3002<\/p>\n<p><\/p>\n<p><strong>\u6b3e<\/strong><\/p>\n<p>[[\u4e0b\u4e09\u524d\u6b3e\u7684\u5355, \u4e3a\u5927, \u7684\u60c5\u3002 \u621148\u5c0f\u5185\u3002 \u6b3e\u8272\u7684\u3002 \u6211\u4e00,\u662f\u6b3e\u3002 \u51c6!<\/p>\n<\/div>\n<\/div>\n<\/div>\n<\/div>\n<p><\/div>\n<\/div>","protected":false},"excerpt":{"rendered":"<p>Producto qu\u00edmico muy preocupado:&nbsp;Ninguno Personalizable:&nbsp;No N\u00famero de modelo:&nbsp;05547 Caracter\u00edstica:&nbsp;Autoadhesivo Funci\u00f3n:&nbsp;Decoration Magnetismo:&nbsp;No Adhesivo o no:&nbsp;Si Nombre de la marca:&nbsp;Gimue Origen:&nbsp;CN(Origen) Estilo:&nbsp;Bloc de notas \u94fe\u63a5:https:\/\/pan.baidu.com\/s\/1hYsc_Pm-yo4vScPJo3l6QQ?pwd=wnbg \u63d0material:wnbg \u63d0: \u4e3a\u4ee5\u4e00\u7684,\u5e97\u7684\u524d\u4e00\u4e0b\u7684,\u7684\u53ef\u4ee5\u63d0, 1\u3001100\u5143,\u53552\u4e0a,\u4e00\u6b3e\u8272,\u662f100\u5143\u3002 2\u3001\u4e0a\u7684\u4ef7\u683c\u662f,,\u5927\u53ef\u4ee5\u7ebf\u8be6\u3002 3\u3001,\u52a0\u5165\u5355\u4e00\u62cd\u4e0b,\u90ae\u8d39\u81ea\u751f,\u5e74\u5e95\u5e38,lek\u5e38,\u60c5\u8bf7; 4\u3001\u6b3e48\u5c0f\u5185,\u5982\u60c5\u7684,\u6211\u60a8\u3002 5\u3001\u5e97,\u4ea7\u54c1\u8fd0\u8f93 fc\u635f\u7684,\u4e00(\u6211\u7684\u5305\u88c5\u5e38\u5b9e\u7684,\u635f\u7684\u7387\u5c0f),\u8bf7\u63a5\u53d7\u7684\u62cd\u3002 6\u3001\u4e0a\u62cd\u7684\u4ea7\u54c1\u662f\u7684,\u4e2a\u7684\u4ea7\u54c1,\u6211\u5355\u4e0a,\u8bf7\u6b3e,\u5355; \u7684\u6211\u60a8 7\u3001\u5173\u4e8e,\u8bf7\u60a83\u5185\u7684\u8d28\u91cf,\u5982\u3002 \u63d0:\u6211\u524d\u662f\u4e2a\u6b3e\u7684,\u524d\u8bf7\u60a8\u5305\u88c5,\u635f, \u8bf7,\u5982,\u8bf7\u5168; 8\u3001\u4fe1\u53ef\u4ee5\u7684\u4e3a\u957f!\u5927\u751f\u610f,\u25c6\u4e3a\u8272\u6837,\u6211\u4e00,\u5b58\u7684\u60c5\u4e0b\u8272 \u25c6\u5e97\u5185\u7684\u662f\u5b9e\u7684,\u81ea\u8fd0\u8d39,\u5305\u90ae\u7684\u5355\u8bf7\u4e0b\u5355\u8fd0\u8d39 \u652f\u4ed8\u548c\u53d1\u8d27\u95ee\u9898 \u53ef\u4ee5\u7528\u6613,\u5e97\u5185\u62cd\u4e0b\u60a8\u7684 \u53e6\u6211\u8fd8\u53ef\u4ee5\u91c7\u7528\u94f6\u8f6c\u8d26\u6b3e\u3002\u94f6\u8f6c\u8d26\u7684,\u8f6c\u8d26\u8bf7\u60a8\u4e0b\u5355\u7684,\u6b3e\u60a8\u3002 \u6b3e [[\u4e0b\u4e09\u524d\u6b3e\u7684\u5355, \u4e3a\u5927, \u7684\u60c5\u3002 \u621148\u5c0f\u5185\u3002 \u6b3e\u8272\u7684\u3002 \u6211\u4e00,\u662f\u6b3e\u3002 \u51c6!<\/p>","protected":false},"featured_media":921,"comment_status":"open","ping_status":"closed","template":"","meta":[],"product_brand":[],"product_cat":[28],"product_tag":[],"class_list":{"0":"post-3936","1":"product","2":"type-product","3":"status-publish","4":"has-post-thumbnail","6":"product_cat-notas-adhesivas","8":"first","9":"instock","10":"taxable","11":"shipping-taxable","12":"purchasable","13":"product-type-variable"},"_links":{"self":[{"href":"https:\/\/buenaprofe.cl\/en\/wp-json\/wp\/v2\/product\/3936","targetHints":{"allow":["GET"]}}],"collection":[{"href":"https:\/\/buenaprofe.cl\/en\/wp-json\/wp\/v2\/product"}],"about":[{"href":"https:\/\/buenaprofe.cl\/en\/wp-json\/wp\/v2\/types\/product"}],"replies":[{"embeddable":true,"href":"https:\/\/buenaprofe.cl\/en\/wp-json\/wp\/v2\/comments?post=3936"}],"wp:featuredmedia":[{"embeddable":true,"href":"https:\/\/buenaprofe.cl\/en\/wp-json\/wp\/v2\/media\/921"}],"wp:attachment":[{"href":"https:\/\/buenaprofe.cl\/en\/wp-json\/wp\/v2\/media?parent=3936"}],"wp:term":[{"taxonomy":"product_brand","embeddable":true,"href":"https:\/\/buenaprofe.cl\/en\/wp-json\/wp\/v2\/product_brand?post=3936"},{"taxonomy":"product_cat","embeddable":true,"href":"https:\/\/buenaprofe.cl\/en\/wp-json\/wp\/v2\/product_cat?post=3936"},{"taxonomy":"product_tag","embeddable":true,"href":"https:\/\/buenaprofe.cl\/en\/wp-json\/wp\/v2\/product_tag?post=3936"}],"curies":[{"name":"wp","href":"https:\/\/api.w.org\/{rel}","templated":true}]}}