{"id":3946,"date":"2025-04-25T12:43:11","date_gmt":"2025-04-25T16:43:11","guid":{"rendered":"https:\/\/buenaprofe.cl\/product\/taza-profe-ingles\/"},"modified":"2025-04-25T12:43:16","modified_gmt":"2025-04-25T16:43:16","slug":"taza-profe-ingles","status":"publish","type":"product","link":"https:\/\/buenaprofe.cl\/en\/product\/taza-profe-ingles\/","title":{"rendered":"English teacher mug"},"content":{"rendered":"<div class=\"product-specs-list-container\">\n<ul class=\"product-specs-list util-clearfix\">\n<li class=\"product-prop line-limit-length\"><span class=\"property-title\">Chemical of great concern:&nbsp;<\/span><span class=\"property-desc line-limit-length\">None<\/span>\n\t\t\t\t\t\t<\/li>\n<li class=\"product-prop line-limit-length\"><span class=\"property-title\">Purpose:&nbsp;<\/span><span class=\"property-desc line-limit-length\">universal<\/span>\n\t\t\t\t\t\t<\/li>\n<li class=\"product-prop line-limit-length\"><span class=\"property-title\">Feature:&nbsp;<\/span><span class=\"property-desc line-limit-length\">Environmentally friendly<\/span>\n\t\t\t\t\t\t<\/li>\n<li class=\"product-prop line-limit-length\"><span class=\"property-title\">Model Number:&nbsp;<\/span><span class=\"property-desc line-limit-length\">A015<\/span>\n\t\t\t\t\t\t<\/li>\n<li class=\"product-prop line-limit-length\"><span class=\"property-title\">Guy:&nbsp;<\/span><span class=\"property-desc line-limit-length\">Coffee cups<\/span>\n\t\t\t\t\t\t<\/li>\n<li class=\"product-prop line-limit-length\"><span class=\"property-title\">Style:&nbsp;<\/span><span class=\"property-desc line-limit-length\">cartoon<\/span>\n\t\t\t\t\t\t<\/li>\n<li class=\"product-prop line-limit-length\"><span class=\"property-title\">Material:&nbsp;<\/span><span class=\"property-desc line-limit-length\">Enamel<\/span>\n\t\t\t\t\t\t<\/li>\n<li class=\"product-prop line-limit-length\"><span class=\"property-title\">Shape:&nbsp;<\/span><span class=\"property-desc line-limit-length\">Handle<\/span>\n\t\t\t\t\t\t<\/li>\n<li class=\"product-prop line-limit-length\"><span class=\"property-title\">Specs:&nbsp;<\/span><span class=\"property-desc line-limit-length\">1<\/span>\n\t\t\t\t\t\t<\/li>\n<li class=\"product-prop line-limit-length\"><span class=\"property-title\">Origin:&nbsp;<\/span><span class=\"property-desc line-limit-length\">CN(Origin)<\/span>\n\t\t\t\t\t\t<\/li>\n<li class=\"product-prop line-limit-length\"><span class=\"property-title\">Type of thermos:&nbsp;<\/span><span class=\"property-desc line-limit-length\">Mugs<\/span>\n\t\t\t\t\t\t<\/li>\n<li class=\"product-prop line-limit-length\"><span class=\"property-title\">Accessory type:&nbsp;<\/span><span class=\"property-desc line-limit-length\">None<\/span>\n\t\t\t\t\t\t<\/li>\n<\/ul><\/div>\n<div class=\"detailmodule_html\">\n<div class=\"detail-desc-decorate-richtext\">\n<div class=\"detailmodule_html\">\n<div class=\"detail-desc-decorate-richtext\"><strong><span style=\"font-family:Arial, Helvetica, sans-serif\"><span style=\"font-size:14px;, Roboto, Arial, Helvetica, sans-serif, SimSun\">\u2014\u2014 Item Description\u2014\u2014<\/span><\/span><\/strong><strong><span style=\"font-family:Arial, Helvetica, sans-serif\"><\/span><\/strong><br \/>\n<strong><span style=\"font-family:Arial, Helvetica, sans-serif\"><span style=\"font-size:14px;, Roboto, Arial, Helvetica, sans-serif, SimSun\">\u2022 Material: Enamel<\/span><\/span><\/strong><strong><span style=\"font-family:Arial, Helvetica, sans-serif\"><\/span><\/strong><br \/>\n<strong><span style=\"font-family:Arial, Helvetica, sans-serif\"><span style=\"font-size:14px;, Roboto, Arial, Helvetica, sans-serif, SimSun\">\u2022 Dimensions: height 3.14\u2032\u2032 (8 cm), diameter 3.35\u2032\u2032 (8.5 cm)<\/span><\/span><\/strong><strong><span style=\"font-family:Arial, Helvetica, sans-serif\"><\/span><\/strong><br \/>\n<strong><span style=\"font-family:Arial, Helvetica, sans-serif\"><span style=\"font-size:14px;, Roboto, Arial, Helvetica, sans-serif, SimSun\">\u2022 White lining with silver trim.<\/span><\/span><\/strong><strong><span style=\"font-family:Arial, Helvetica, sans-serif\"><\/span><\/strong><br \/>\n<strong><span style=\"font-family:Arial, Helvetica, sans-serif\"><span style=\"font-size:14px;, Roboto, Arial, Helvetica, sans-serif, SimSun\">\u2022 Print only on ONE SIDE of the mug<\/span><\/span><\/strong><strong><span style=\"font-family:Arial, Helvetica, sans-serif\"><\/span><\/strong><br \/>\n<strong><span style=\"font-family:Arial, Helvetica, sans-serif\"><span style=\"font-size:14px;, Roboto, Arial, Helvetica, sans-serif, SimSun\">\u2022Due to the rustic nature of the mugs, you may see small imperfections such as dents, bubbles, and other rustic features.<\/span><\/span><\/strong><strong><span style=\"font-family:Arial, Helvetica, sans-serif\"><\/span><\/strong><\/p>\n<p><strong><span style=\"font-family:Arial, Helvetica, sans-serif\"><span style=\"font-size:14px;, Roboto, Arial, Helvetica, sans-serif, SimSun\">--Attention!--<\/span><\/span><\/strong><strong><span style=\"font-family:Arial, Helvetica, sans-serif\"><\/span><\/strong><br \/>\n<strong><span style=\"font-family:Arial, Helvetica, sans-serif\"><span style=\"font-size:14px;, Roboto, Arial, Helvetica, sans-serif, SimSun\">Do not heat liquids or food directly in the mug; this may damage the coating.<\/span><\/span><\/strong><strong><span style=\"font-family:Arial, Helvetica, sans-serif\"><\/span><\/strong><br \/>\n<strong><span style=\"font-family:Arial, Helvetica, sans-serif\"><span style=\"font-size:14px;, Roboto, Arial, Helvetica, sans-serif, SimSun\">Hand wash ONLY! This mug should not be washed in a dishwasher or microwave.<\/span><\/span><\/strong><strong><span style=\"font-family:Arial, Helvetica, sans-serif\"><\/span><\/strong><br \/>\n<strong><span style=\"font-family:Arial, Helvetica, sans-serif\"><span style=\"font-size:14px;, Roboto, Arial, Helvetica, sans-serif, SimSun\">Do not rub the design area.<\/span><\/span><\/strong><\/p>\n<p><img decoding=\"async\" src=\"https:\/\/ae01.alicdn.com\/kf\/S47d54b78bfac4cb891a8b87a8743bd80l.jpg?width=800&amp;height=800&amp;hash=1600\"><br \/>\n<img decoding=\"async\" src=\"https:\/\/ae01.alicdn.com\/kf\/S631e7cd6ac7041adaeee012a690043111.jpg\"><img decoding=\"async\" src=\"https:\/\/ae01.alicdn.com\/kf\/S92ed55e1c7a94db1b11b4ef393ccf5902.jpg\"><img decoding=\"async\" src=\"https:\/\/ae01.alicdn.com\/kf\/S988d08910c244806a04c8ed6c8d921fbS.jpg\"><img decoding=\"async\" src=\"https:\/\/ae01.alicdn.com\/kf\/Sba100c705b144ffc9d7a2d4368050602v.jpg\"><img decoding=\"async\" src=\"https:\/\/ae01.alicdn.com\/kf\/S198c207b311e43bd9f7da5e02cd8d69dg.jpg\"><\/div>\n<\/div>\n<\/div>\n<\/div>","protected":false},"excerpt":{"rendered":"<p>Producto qu\u00edmico muy preocupado:&nbsp;Ninguno Prop\u00f3sito:&nbsp;universal Caracter\u00edstica:&nbsp;Respetuoso con el medio ambiente N\u00famero de modelo:&nbsp;A015 Tipo:&nbsp;Tazas de caf\u00e9 Estilo:&nbsp;cartoon Material:&nbsp;Enamel Forma:&nbsp;Empu\u00f1adura Especificaciones:&nbsp;1 Origen:&nbsp;CN(Origen) Tipo de termo:&nbsp;Mugs Tipo de accesorio:&nbsp;Ninguno &#8212;&#8212; Descripci\u00f3n del art\u00edculo&#8212;&#8212; \u2022 Material: Esmalte \u2022 Dimensiones: altura 3,14 \u2032\u2032 (8 cm), di\u00e1metro 3,35 \u2032\u2032 (8,5 cm) \u2022 Revestimiento blanco con borde plateado. \u2022 Imprime \u00fanicamente [&hellip;]<\/p>","protected":false},"featured_media":893,"comment_status":"open","ping_status":"closed","template":"","meta":[],"product_brand":[],"product_cat":[29],"product_tag":[],"class_list":{"0":"post-3946","1":"product","2":"type-product","3":"status-publish","4":"has-post-thumbnail","6":"product_cat-accesorios-de-escritorio","8":"first","9":"instock","10":"taxable","11":"shipping-taxable","12":"purchasable","13":"product-type-variable"},"_links":{"self":[{"href":"https:\/\/buenaprofe.cl\/en\/wp-json\/wp\/v2\/product\/3946","targetHints":{"allow":["GET"]}}],"collection":[{"href":"https:\/\/buenaprofe.cl\/en\/wp-json\/wp\/v2\/product"}],"about":[{"href":"https:\/\/buenaprofe.cl\/en\/wp-json\/wp\/v2\/types\/product"}],"replies":[{"embeddable":true,"href":"https:\/\/buenaprofe.cl\/en\/wp-json\/wp\/v2\/comments?post=3946"}],"wp:featuredmedia":[{"embeddable":true,"href":"https:\/\/buenaprofe.cl\/en\/wp-json\/wp\/v2\/media\/893"}],"wp:attachment":[{"href":"https:\/\/buenaprofe.cl\/en\/wp-json\/wp\/v2\/media?parent=3946"}],"wp:term":[{"taxonomy":"product_brand","embeddable":true,"href":"https:\/\/buenaprofe.cl\/en\/wp-json\/wp\/v2\/product_brand?post=3946"},{"taxonomy":"product_cat","embeddable":true,"href":"https:\/\/buenaprofe.cl\/en\/wp-json\/wp\/v2\/product_cat?post=3946"},{"taxonomy":"product_tag","embeddable":true,"href":"https:\/\/buenaprofe.cl\/en\/wp-json\/wp\/v2\/product_tag?post=3946"}],"curies":[{"name":"wp","href":"https:\/\/api.w.org\/{rel}","templated":true}]}}