{"id":3964,"date":"2025-04-25T14:22:05","date_gmt":"2025-04-25T18:22:05","guid":{"rendered":"https:\/\/buenaprofe.cl\/product\/pines-lapices\/"},"modified":"2025-04-25T14:22:09","modified_gmt":"2025-04-25T18:22:09","slug":"pines-lapices","status":"publish","type":"product","link":"https:\/\/buenaprofe.cl\/en\/product\/pines-lapices\/","title":{"rendered":"\u201cPencil\u201d Pins"},"content":{"rendered":"<div class=\"product-specs-list-container\">\n<ul class=\"product-specs-list util-clearfix\">\n<li class=\"product-prop line-limit-length\"><span class=\"property-title\">Chemical of great concern:&nbsp;<\/span><span class=\"property-desc line-limit-length\">None<\/span>\n\t\t\t\t\t\t<\/li>\n<li class=\"product-prop line-limit-length\"><span class=\"property-title\">Gender:&nbsp;<\/span><span class=\"property-desc line-limit-length\">Unisex<\/span>\n\t\t\t\t\t\t<\/li>\n<li class=\"product-prop line-limit-length\"><span class=\"property-title\">Model Number:&nbsp;<\/span><span class=\"property-desc line-limit-length\">BH<\/span>\n\t\t\t\t\t\t<\/li>\n<li class=\"product-prop line-limit-length\"><span class=\"property-title\">Brooch type:&nbsp;<\/span><span class=\"property-desc line-limit-length\">Brooches<\/span>\n\t\t\t\t\t\t<\/li>\n<li class=\"product-prop line-limit-length\"><span class=\"property-title\">Shape\/Pattern:&nbsp;<\/span><span class=\"property-desc line-limit-length\">Daily supplies<\/span>\n\t\t\t\t\t\t<\/li>\n<li class=\"product-prop line-limit-length\"><span class=\"property-title\">Style:&nbsp;<\/span><span class=\"property-desc line-limit-length\">TRENDY<\/span>\n\t\t\t\t\t\t<\/li>\n<li class=\"product-prop line-limit-length\"><span class=\"property-title\">Material:&nbsp;<\/span><span class=\"property-desc line-limit-length\">Metal<\/span>\n\t\t\t\t\t\t<\/li>\n<li class=\"product-prop line-limit-length\"><span class=\"property-title\">Type of metals:&nbsp;<\/span><span class=\"property-desc line-limit-length\">Zinc alloy<\/span>\n\t\t\t\t\t\t<\/li>\n<li class=\"product-prop line-limit-length\"><span class=\"property-title\">Brand Name:&nbsp;<\/span><span class=\"property-desc line-limit-length\">Morandiy<\/span>\n\t\t\t\t\t\t<\/li>\n<li class=\"product-prop line-limit-length\"><span class=\"property-title\">Origin:&nbsp;<\/span><span class=\"property-desc line-limit-length\">CN(Origin)<\/span>\n\t\t\t\t\t\t<\/li>\n<li class=\"product-prop line-limit-length\"><span class=\"property-title\">CN:&nbsp;<\/span><span class=\"property-desc line-limit-length\">Zhejiang<\/span>\n\t\t\t\t\t\t<\/li>\n<li class=\"product-prop line-limit-length\"><span class=\"property-title\">Fine or fashionable:&nbsp;<\/span><span class=\"property-desc line-limit-length\">Fashion<\/span>\n\t\t\t\t\t\t<\/li>\n<li class=\"product-prop line-limit-length\"><span class=\"property-title\">Item Type:&nbsp;<\/span><span class=\"property-desc line-limit-length\">Brooches<\/span>\n\t\t\t\t\t\t<\/li>\n<li class=\"product-prop line-limit-length\"><span class=\"property-title\">User:&nbsp;<\/span><span class=\"property-desc line-limit-length\">Women\/Men\/Girls\/Boys\/Kids\/Students\/Couple\/\u2026<\/span>\n\t\t\t\t\t\t<\/li>\n<li class=\"product-prop line-limit-length\"><span class=\"property-title\">Gifts:&nbsp;<\/span><span class=\"property-desc line-limit-length\">It is a choice for giving gifts.<\/span>\n\t\t\t\t\t\t<\/li>\n<li class=\"product-prop line-limit-length\"><span class=\"property-title\">Express:&nbsp;<\/span><span class=\"property-desc line-limit-length\">Order&gt;$200, free express<\/span>\n\t\t\t\t\t\t<\/li>\n<li class=\"product-prop line-limit-length\"><span class=\"property-title\">Tracking:&nbsp;<\/span><span class=\"property-desc line-limit-length\">Order&gt;$10 with tracking number<\/span>\n\t\t\t\t\t\t<\/li>\n<li class=\"product-prop line-limit-length\"><span class=\"property-title\">Sales Methods:&nbsp;<\/span><span class=\"property-desc line-limit-length\">retail; wholesale; dropshipping<\/span>\n\t\t\t\t\t\t<\/li>\n<\/ul><\/div>\n<div class=\"detailmodule_html\">\n<div class=\"detail-desc-decorate-richtext\">\n<h1 style=\"text-align:center\" class=\"detailmodule_dynamic\" align=\"center\"><span style=\"font-size:26px\"><strong>Stationery Pen Brooches with Chain, Rainbow Pencil Writing Books Lapel Pins, Cute Cartoon Enamel Badges, Bag, Student Gifts, Jewelry<\/strong><\/span><\/h1>\n<div><span style=\"font-size:18px;font-family:arial, helvetica, sans-serif\">Brooch Type: Cartoon Brooches<\/span><\/div>\n<div><span style=\"font-size:18px;font-family:arial, helvetica, sans-serif\">Material: zinc alloy<\/span><\/div>\n<div><span style=\"font-size:18px;font-family:arial, helvetica, sans-serif\">Package: OPP bag<\/span><\/div>\n<div><span style=\"font-size:18px;font-family:arial, helvetica, sans-serif\">Gender: women, men, children<\/span><\/div>\n<div><span style=\"font-size:20px;font-family:arial, helvetica, sans-serif\"><strong>Warm Tips:<\/strong><\/span><\/div>\n<div><span style=\"font-size:18px;font-family:arial, helvetica, sans-serif\">1. Please allow 0.5-1cm error due to different measurement methods.<\/span><\/div>\n<div><span style=\"font-size:18px;font-family:arial, helvetica, sans-serif\">2. Please allow slight color difference due to different display resolutions.<\/span><\/div>\n<div><img decoding=\"async\" src=\"https:\/\/ae01.alicdn.com\/kf\/Sd6c5b8be7276496f93800427f7956f2ay.jpg\"><img decoding=\"async\" src=\"https:\/\/ae01.alicdn.com\/kf\/S83968b39e28f46548da87fbd949fabb22.jpg\"><img decoding=\"async\" src=\"https:\/\/ae01.alicdn.com\/kf\/Se5e109b83b7e4a59adbd7b2470bbca4fd.jpg\"><img decoding=\"async\" src=\"https:\/\/ae01.alicdn.com\/kf\/Sb3dd83792a87488494f195f7fcfdff6dN.jpg\"><img decoding=\"async\" src=\"https:\/\/ae01.alicdn.com\/kf\/S70b1141b0ff54b8596610f531f81f74aQ.jpg\"><img decoding=\"async\" src=\"https:\/\/ae01.alicdn.com\/kf\/Sfa3ee60e8bbb42c487f0db80181be261K.jpg\"><img decoding=\"async\" src=\"https:\/\/ae01.alicdn.com\/kf\/Sf9929640a3aa447c95a1c7f3aa70bc00g.jpg\"><img decoding=\"async\" src=\"https:\/\/ae01.alicdn.com\/kf\/S439867ca3b0449acabfedb2c83c455d41.jpg\"><img decoding=\"async\" src=\"https:\/\/ae01.alicdn.com\/kf\/Sd5924873073342beb831f3117845dcfcE.jpg\"><img decoding=\"async\" src=\"https:\/\/ae01.alicdn.com\/kf\/S8d7e8886732042e5810f56c082ef4345N.jpg\"><img decoding=\"async\" src=\"https:\/\/ae01.alicdn.com\/kf\/S55dad3966eba48e49a722403bbefaf82Q.jpg\"><img decoding=\"async\" src=\"https:\/\/ae01.alicdn.com\/kf\/S05299cddf7ac4c9b9990e3899baad557o.jpg\"><\/div>\n<div><\/div>\n<p><\/p>\n<\/div>\n<\/div>","protected":false},"excerpt":{"rendered":"<p>Producto qu\u00edmico muy preocupado:&nbsp;Ninguno G\u00e9nero:&nbsp;Unisex N\u00famero de modelo:&nbsp;BH Tipo de broche:&nbsp;Broches Forma\/Patr\u00f3n:&nbsp;Suministros diarios Estilo:&nbsp;TRENDY Material:&nbsp;Metal Tipo de metales:&nbsp;Aleaci\u00f3n del cinc Nombre de la marca:&nbsp;Morandiy Origen:&nbsp;CN(Origen) CN:&nbsp;Zhejiang Fina o de moda:&nbsp;Moda Tipo de art\u00edculo:&nbsp;Broches User:&nbsp;Women\/Men\/Girls\/Boys\/Kids\/Studends\/Couple\/&#8230; Gifts:&nbsp;It is a choice for giving gifts. Express:&nbsp;Order&gt;$200,free express Tracking:&nbsp;Order&gt;$10 with tracking number Sale Methods:&nbsp;retail; wholesale; dropshipping Broches de bol\u00edgrafo de [&hellip;]<\/p>","protected":false},"featured_media":657,"comment_status":"open","ping_status":"closed","template":"","meta":[],"product_brand":[],"product_cat":[27],"product_tag":[],"class_list":{"0":"post-3964","1":"product","2":"type-product","3":"status-publish","4":"has-post-thumbnail","6":"product_cat-pines-para-profes","8":"first","9":"instock","10":"taxable","11":"shipping-taxable","12":"purchasable","13":"product-type-variable"},"_links":{"self":[{"href":"https:\/\/buenaprofe.cl\/en\/wp-json\/wp\/v2\/product\/3964","targetHints":{"allow":["GET"]}}],"collection":[{"href":"https:\/\/buenaprofe.cl\/en\/wp-json\/wp\/v2\/product"}],"about":[{"href":"https:\/\/buenaprofe.cl\/en\/wp-json\/wp\/v2\/types\/product"}],"replies":[{"embeddable":true,"href":"https:\/\/buenaprofe.cl\/en\/wp-json\/wp\/v2\/comments?post=3964"}],"wp:featuredmedia":[{"embeddable":true,"href":"https:\/\/buenaprofe.cl\/en\/wp-json\/wp\/v2\/media\/657"}],"wp:attachment":[{"href":"https:\/\/buenaprofe.cl\/en\/wp-json\/wp\/v2\/media?parent=3964"}],"wp:term":[{"taxonomy":"product_brand","embeddable":true,"href":"https:\/\/buenaprofe.cl\/en\/wp-json\/wp\/v2\/product_brand?post=3964"},{"taxonomy":"product_cat","embeddable":true,"href":"https:\/\/buenaprofe.cl\/en\/wp-json\/wp\/v2\/product_cat?post=3964"},{"taxonomy":"product_tag","embeddable":true,"href":"https:\/\/buenaprofe.cl\/en\/wp-json\/wp\/v2\/product_tag?post=3964"}],"curies":[{"name":"wp","href":"https:\/\/api.w.org\/{rel}","templated":true}]}}