{"id":3983,"date":"2025-04-25T14:22:29","date_gmt":"2025-04-25T18:22:29","guid":{"rendered":"https:\/\/buenaprofe.cl\/product\/set-notas-adhesivas-2\/"},"modified":"2025-04-25T14:22:31","modified_gmt":"2025-04-25T18:22:31","slug":"set-notas-adhesivas-2","status":"publish","type":"product","link":"https:\/\/buenaprofe.cl\/en\/product\/set-notas-adhesivas-2\/","title":{"rendered":"Set of sticky notes"},"content":{"rendered":"<div class=\"product-specs-list-container\">\n<ul class=\"product-specs-list util-clearfix\">\n<li class=\"product-prop line-limit-length\"><span class=\"property-title\">Chemical of great concern:&nbsp;<\/span><span class=\"property-desc line-limit-length\">None<\/span>\n\t\t\t\t\t\t<\/li>\n<li class=\"product-prop line-limit-length\"><span class=\"property-title\">Customizable:&nbsp;<\/span><span class=\"property-desc line-limit-length\">Yeah<\/span>\n\t\t\t\t\t\t<\/li>\n<li class=\"product-prop line-limit-length\"><span class=\"property-title\">Model Number:&nbsp;<\/span><span class=\"property-desc line-limit-length\">sticky notes<\/span>\n\t\t\t\t\t\t<\/li>\n<li class=\"product-prop line-limit-length\"><span class=\"property-title\">Feature:&nbsp;<\/span><span class=\"property-desc line-limit-length\">Self-adhesive<\/span>\n\t\t\t\t\t\t<\/li>\n<li class=\"product-prop line-limit-length\"><span class=\"property-title\">Function:&nbsp;<\/span><span class=\"property-desc line-limit-length\">Decoration<\/span>\n\t\t\t\t\t\t<\/li>\n<li class=\"product-prop line-limit-length\"><span class=\"property-title\">Magnetism:&nbsp;<\/span><span class=\"property-desc line-limit-length\">No<\/span>\n\t\t\t\t\t\t<\/li>\n<li class=\"product-prop line-limit-length\"><span class=\"property-title\">Adhesive or not:&nbsp;<\/span><span class=\"property-desc line-limit-length\">Yeah<\/span>\n\t\t\t\t\t\t<\/li>\n<li class=\"product-prop line-limit-length\"><span class=\"property-title\">Brand Name:&nbsp;<\/span><span class=\"property-desc line-limit-length\">KindFuny<\/span>\n\t\t\t\t\t\t<\/li>\n<li class=\"product-prop line-limit-length\"><span class=\"property-title\">Origin:&nbsp;<\/span><span class=\"property-desc line-limit-length\">CN(Origin)<\/span>\n\t\t\t\t\t\t<\/li>\n<li class=\"product-prop line-limit-length\"><span class=\"property-title\">Style:&nbsp;<\/span><span class=\"property-desc line-limit-length\">Notepad<\/span>\n\t\t\t\t\t\t<\/li>\n<\/ul><\/div>\n<div class=\"detailmodule_html\">\n<div class=\"detail-desc-decorate-richtext\">\n<p style=\", Roboto, Arial, Helvetica, sans-serif, SimSun;font-size:14px;font-weight:400;letter-spacing:normal;line-height:inherit;text-align:start;margin:0px;margin-bottom:0px;margin-top:0px;margin-left:0px;margin-right:0px;padding:0px;padding-bottom:0px;padding-top:0px;padding-left:0px;padding-right:0px\" align=\"start\">200 Sheets Transparent Sticky Notes, Self-Adhesive Bookmark, Annotation Reading Book, Clear Tab, Kawaii Cute Stationery<\/p>\n<p style=\", Roboto, Arial, Helvetica, sans-serif, SimSun;font-size:14px;font-weight:400;letter-spacing:normal;line-height:inherit;text-align:start;margin:0px;margin-bottom:0px;margin-top:0px;margin-left:0px;margin-right:0px;padding:0px;padding-bottom:0px;padding-top:0px;padding-left:0px;padding-right:0px\" align=\"start\">Name: sticky note<\/p>\n<p style=\", Roboto, Arial, Helvetica, sans-serif, SimSun;font-size:14px;font-weight:400;letter-spacing:normal;line-height:inherit;text-align:start;margin:0px;margin-bottom:0px;margin-top:0px;margin-left:0px;margin-right:0px;padding:0px;padding-bottom:0px;padding-top:0px;padding-left:0px;padding-right:0px\" align=\"start\">Color and material: Translucent colored PET<\/p>\n<p style=\", Roboto, Arial, Helvetica, sans-serif, SimSun;font-size:14px;font-weight:400;letter-spacing:normal;line-height:inherit;text-align:start;margin:0px;margin-bottom:0px;margin-top:0px;margin-left:0px;margin-right:0px;padding:0px;padding-bottom:0px;padding-top:0px;padding-left:0px;padding-right:0px\" align=\"start\">How to use: peel and stick<\/p>\n<p style=\", Roboto, Arial, Helvetica, sans-serif, SimSun;font-size:14px;font-weight:400;letter-spacing:normal;line-height:inherit;text-align:start;margin:0px;margin-bottom:0px;margin-top:0px;margin-left:0px;margin-right:0px;padding:0px;padding-bottom:0px;padding-top:0px;padding-left:0px;padding-right:0px\" align=\"start\">Sheet size: 1.1*4.5cm (pasting area: 1.1*2.5cm)<\/p>\n<p style=\", Roboto, Arial, Helvetica, sans-serif, SimSun;font-size:14px;font-weight:400;letter-spacing:normal;line-height:inherit;text-align:start;margin:0px;margin-bottom:0px;margin-top:0px;margin-left:0px;margin-right:0px;padding:0px;padding-bottom:0px;padding-top:0px;padding-left:0px;padding-right:0px\" align=\"start\">Single package specification: 200 sheets (10 colors * 20 sheets)\/pack<\/p>\n<p style=\", Roboto, Arial, Helvetica, sans-serif, SimSun;font-size:14px;font-weight:400;letter-spacing:normal;line-height:inherit;text-align:start;margin:0px;margin-bottom:0px;margin-top:0px;margin-left:0px;margin-right:0px;padding:0px;padding-bottom:0px;padding-top:0px;padding-left:0px;padding-right:0px\" align=\"start\">Number of packages: 1 package<\/p>\n<p style=\", Roboto, Arial, Helvetica, sans-serif, SimSun;font-size:14px;font-weight:400;letter-spacing:normal;line-height:inherit;text-align:start;margin:0px;margin-bottom:0px;margin-top:0px;margin-left:0px;margin-right:0px;padding:0px;padding-bottom:0px;padding-top:0px;padding-left:0px;padding-right:0px\" align=\"start\">Features and uses: Multiple colors on one board, clearer marking and classification; can be pasted repeatedly, easy to tear without damaging the paper; convenient for organizing data, marking important items, document classification, etc.<\/p>\n<p style=\", Roboto, Arial, Helvetica, sans-serif, SimSun;font-size:14px;font-weight:400;letter-spacing:normal;line-height:inherit;text-align:start;margin:0px;margin-bottom:0px;margin-top:0px;margin-left:0px;margin-right:0px;padding:0px;padding-bottom:0px;padding-top:0px;padding-left:0px;padding-right:0px\" align=\"start\">Note: When writing with a water-based pen, do not touch it before the ink dries.<\/p>\n<p style=\", Roboto, Arial, Helvetica, sans-serif, SimSun;font-size:14px;font-weight:400;letter-spacing:normal;line-height:inherit;text-align:start;margin:0px;margin-bottom:0px;margin-top:0px;margin-left:0px;margin-right:0px;padding:0px;padding-bottom:0px;padding-top:0px;padding-left:0px;padding-right:0px\" align=\"start\">In addition: We support package delivery and offline store purchases. If you have other styles, quantities, logistics, or after-sales needs, please contact store customer service.<img decoding=\"async\" src=\"https:\/\/ae01.alicdn.com\/kf\/S8d761da8b544437a829fc2a46989b411I.jpg\"><img decoding=\"async\" src=\"https:\/\/ae01.alicdn.com\/kf\/Seea9cfa736e04b77ac424c97d61a60013.jpg\"><img decoding=\"async\" src=\"https:\/\/ae01.alicdn.com\/kf\/S61a8ec21b9b046a18e4d4ef8800e7558B.jpg\"><img decoding=\"async\" src=\"https:\/\/ae01.alicdn.com\/kf\/S22aa1853156e44969186c02d35608beeI.jpg\"><img decoding=\"async\" src=\"https:\/\/ae01.alicdn.com\/kf\/S659ed55eb93a4d9e92f8be2bfed20d60O.jpg\"><img decoding=\"async\" src=\"https:\/\/ae01.alicdn.com\/kf\/Se2136668b2534bd7945b4bb8d7cb1980O.jpg\"><img decoding=\"async\" src=\"https:\/\/ae01.alicdn.com\/kf\/S83a54f5e6013410d9d8fde4d64cb51d9v.jpg\"><img decoding=\"async\" src=\"https:\/\/ae01.alicdn.com\/kf\/S1733937b20f6498399b29ed5f9d3850fK.jpg\"><img decoding=\"async\" src=\"https:\/\/ae01.alicdn.com\/kf\/S84c7aa45d0c34924ba9a25768bd7695fN.jpg\"><img decoding=\"async\" src=\"https:\/\/ae01.alicdn.com\/kf\/S22ee6f5e40d84f9b8c965559c746ef28e.jpg\"><img decoding=\"async\" src=\"https:\/\/ae01.alicdn.com\/kf\/Saa233f4614fd4c16bfff8b270fdf07af8.jpg\"><\/p>\n<\/div>\n<\/div>","protected":false},"excerpt":{"rendered":"<p>Producto qu\u00edmico muy preocupado:&nbsp;Ninguno Personalizable:&nbsp;Si N\u00famero de modelo:&nbsp;sticky notes Caracter\u00edstica:&nbsp;Autoadhesivo Funci\u00f3n:&nbsp;Decoration Magnetismo:&nbsp;No Adhesivo o no:&nbsp;Si Nombre de la marca:&nbsp;KindFuny Origen:&nbsp;CN(Origen) Estilo:&nbsp;Bloc de notas 200 hojas de notas adhesivas transparentes, marcador autoadhesivo, libro de lectura de anotaci\u00f3n, pesta\u00f1a transparente, papeler\u00eda bonita Kawaii Nombre: nota adhesiva Color y material: PET coloreado transl\u00facido C\u00f3mo utilizar: pelar y pegar [&hellip;]<\/p>","protected":false},"featured_media":847,"comment_status":"open","ping_status":"closed","template":"","meta":[],"product_brand":[],"product_cat":[28],"product_tag":[],"class_list":{"0":"post-3983","1":"product","2":"type-product","3":"status-publish","4":"has-post-thumbnail","6":"product_cat-notas-adhesivas","8":"first","9":"instock","10":"taxable","11":"shipping-taxable","12":"purchasable","13":"product-type-variable"},"_links":{"self":[{"href":"https:\/\/buenaprofe.cl\/en\/wp-json\/wp\/v2\/product\/3983","targetHints":{"allow":["GET"]}}],"collection":[{"href":"https:\/\/buenaprofe.cl\/en\/wp-json\/wp\/v2\/product"}],"about":[{"href":"https:\/\/buenaprofe.cl\/en\/wp-json\/wp\/v2\/types\/product"}],"replies":[{"embeddable":true,"href":"https:\/\/buenaprofe.cl\/en\/wp-json\/wp\/v2\/comments?post=3983"}],"wp:featuredmedia":[{"embeddable":true,"href":"https:\/\/buenaprofe.cl\/en\/wp-json\/wp\/v2\/media\/847"}],"wp:attachment":[{"href":"https:\/\/buenaprofe.cl\/en\/wp-json\/wp\/v2\/media?parent=3983"}],"wp:term":[{"taxonomy":"product_brand","embeddable":true,"href":"https:\/\/buenaprofe.cl\/en\/wp-json\/wp\/v2\/product_brand?post=3983"},{"taxonomy":"product_cat","embeddable":true,"href":"https:\/\/buenaprofe.cl\/en\/wp-json\/wp\/v2\/product_cat?post=3983"},{"taxonomy":"product_tag","embeddable":true,"href":"https:\/\/buenaprofe.cl\/en\/wp-json\/wp\/v2\/product_tag?post=3983"}],"curies":[{"name":"wp","href":"https:\/\/api.w.org\/{rel}","templated":true}]}}