{"id":3991,"date":"2025-04-25T14:22:44","date_gmt":"2025-04-25T18:22:44","guid":{"rendered":"https:\/\/buenaprofe.cl\/product\/taza-profe-espanol\/"},"modified":"2025-04-25T14:22:49","modified_gmt":"2025-04-25T18:22:49","slug":"taza-profe-espanol","status":"publish","type":"product","link":"https:\/\/buenaprofe.cl\/en\/product\/taza-profe-espanol\/","title":{"rendered":"Spanish teacher mug"},"content":{"rendered":"<div class=\"product-specs-list-container\">\n<ul class=\"product-specs-list util-clearfix\">\n<li class=\"product-prop line-limit-length\"><span class=\"property-title\">Feature:&nbsp;<\/span><span class=\"property-desc line-limit-length\">Environmentally friendly, Filled<\/span>\n\t\t\t\t\t\t<\/li>\n<li class=\"product-prop line-limit-length\"><span class=\"property-title\">Certification:&nbsp;<\/span><span class=\"property-desc line-limit-length\">CIQ<\/span>\n\t\t\t\t\t\t<\/li>\n<li class=\"product-prop line-limit-length\"><span class=\"property-title\">Guy:&nbsp;<\/span><span class=\"property-desc line-limit-length\">Coffee cups<\/span>\n\t\t\t\t\t\t<\/li>\n<li class=\"product-prop line-limit-length\"><span class=\"property-title\">Style:&nbsp;<\/span><span class=\"property-desc line-limit-length\">Outdoors<\/span>\n\t\t\t\t\t\t<\/li>\n<li class=\"product-prop line-limit-length\"><span class=\"property-title\">Material:&nbsp;<\/span><span class=\"property-desc line-limit-length\">Metal<\/span>\n\t\t\t\t\t\t<\/li>\n<li class=\"product-prop line-limit-length\"><span class=\"property-title\">Shape:&nbsp;<\/span><span class=\"property-desc line-limit-length\">Handle<\/span>\n\t\t\t\t\t\t<\/li>\n<li class=\"product-prop line-limit-length\"><span class=\"property-title\">Origin:&nbsp;<\/span><span class=\"property-desc line-limit-length\">CN(Origin)<\/span>\n\t\t\t\t\t\t<\/li>\n<li class=\"product-prop line-limit-length\"><span class=\"property-title\">Type of thermos:&nbsp;<\/span><span class=\"property-desc line-limit-length\">Mugs<\/span>\n\t\t\t\t\t\t<\/li>\n<li class=\"product-prop line-limit-length\"><span class=\"property-title\">Accessory type:&nbsp;<\/span><span class=\"property-desc line-limit-length\">None<\/span>\n\t\t\t\t\t\t<\/li>\n<\/ul><\/div>\n<div class=\"detailmodule_html\">\n<div class=\"detail-desc-decorate-richtext\">\n<div>\n <a href=\"http:\/\/www.aliexpress.com\/store\/group\/Mug\/1101289531_40000002256000.html?spm=a2g0o.store_pc_groupList.8148362.6.4591262bYyI3Tg&amp;origin=n&amp;SortType=orders_desc&amp;g=y\" target=\"_self\" class=\"\"><img decoding=\"async\" style=\"width:449px;height:90px\" width=\"449px\" height=\"90px\" src=\"https:\/\/ae01.alicdn.com\/kf\/Sc407a6dc66f14ff09daf8021ba04b55bC.jpg?width=1300&amp;height=260&amp;hash=1560\" \/><\/a><br \/>\n <a href=\"http:\/\/www.aliexpress.com\/store\/group\/Custom-Mug\/1101289531_40000002121896.html?spm=a2g0o.store_pc_groupList.8148362.6.7658f0c4TeRuN7&amp;origin=n&amp;SortType=orders_desc&amp;g=y\" target=\"_self\" class=\"\"><img decoding=\"async\" style=\"width:449px;height:90px\" width=\"449px\" height=\"90px\" src=\"https:\/\/ae01.alicdn.com\/kf\/S0b9a97b470da49e5a585cd57767e9bfeX.jpg?width=1300&amp;height=260&amp;hash=1560\" \/><\/a><br \/>\n <a href=\"http:\/\/www.aliexpress.com\/store\/group\/Tea-set\/1101289531_40000002184780.html?spm=a2g0o.store_pc_groupList.8148362.6.21df36437FgTzf&amp;origin=n&amp;SortType=orders_desc&amp;g=y\" target=\"_self\" class=\"\"><img decoding=\"async\" style=\"width:449px;height:90px\" width=\"449px\" height=\"90px\" src=\"https:\/\/ae01.alicdn.com\/kf\/Sc1d5e1aab4464529ac8b023b72b201a37.jpg?width=1300&amp;height=260&amp;hash=1560\" \/><\/a><br \/>\n <a href=\"http:\/\/www.aliexpress.com\/store\/group\/Tea-pot\/1101289531_40000002188218.html?spm=a2g0o.store_pc_groupList.8148362.6.732f3bd4SpBX9Y&amp;origin=n&amp;SortType=orders_desc&amp;g=y\" target=\"_self\" class=\"\"><img decoding=\"async\" style=\"width:449px;height:90px\" width=\"449px\" height=\"90px\" src=\"https:\/\/ae01.alicdn.com\/kf\/S32fdfc40478345ea8aac89dec29444caS.jpg?width=1300&amp;height=260&amp;hash=1560\" \/><\/a>\n<\/div>\n<p> <\/p>\n<p><img decoding=\"async\" id=\"24223552\" src=\"https:\/\/ae01.alicdn.com\/kf\/H6949716516824b1cb594a64c419cfe8fh.jpg?width=60&amp;height=60&amp;hash=120\" \/><img decoding=\"async\" id=\"24227239\" src=\"https:\/\/ae01.alicdn.com\/kf\/H6949716516824b1cb594a64c419cfe8fh.jpg?width=60&amp;height=60&amp;hash=120\" \/><\/p>\n<p style=\"text-align:center;margin:0px;margin-bottom:0px;margin-top:0px;margin-left:0px;margin-right:0px;width:100%\" align=\"center\"><img decoding=\"async\" src=\"https:\/\/ae01.alicdn.com\/kf\/S3c74ff8b0b1d4223b8e5c12ae424c923e.jpg?width=800&amp;height=800&amp;hash=1600\" \/><\/p>\n<div>\n <img decoding=\"async\" style=\"text-align:center\" src=\"https:\/\/ae01.alicdn.com\/kf\/S041a199e7d634965bf8b0ab23426d7e3Y.jpg?width=1000&amp;height=1000&amp;hash=2000\" \/><br \/>\n <br \/> <br \/>\n <img decoding=\"async\" style=\"text-align:center\" src=\"https:\/\/ae01.alicdn.com\/kf\/S0a940e8ea4974726a935ef0d49ad14f3W.jpg?width=1000&amp;height=1000&amp;hash=2000\" \/><br \/>\n <br \/> <br \/>\n <img decoding=\"async\" style=\"text-align:center\" src=\"https:\/\/ae01.alicdn.com\/kf\/S11187280023b4b4abd33ea4207d96201M.jpg?width=1000&amp;height=1000&amp;hash=2000\" \/><br \/>\n <br \/> <br \/>\n <img decoding=\"async\" style=\"text-align:center\" src=\"https:\/\/ae01.alicdn.com\/kf\/Se195c918592544d3b31c7a5875ca21f3G.jpg?width=1000&amp;height=1000&amp;hash=2000\" \/><br \/>\n <br \/> <br \/>\n <img decoding=\"async\" style=\"text-align:center\" src=\"https:\/\/ae01.alicdn.com\/kf\/S817b5372d6574fb2bc1a94f1b7af5679M.jpg?width=1000&amp;height=1000&amp;hash=2000\" \/><br \/>\n <br \/> <br \/>\n <img decoding=\"async\" style=\"text-align:center\" src=\"https:\/\/ae01.alicdn.com\/kf\/Se7e2dd156c454a019a9ac76ee0a9e7b5Q.jpg?width=1000&amp;height=1000&amp;hash=2000\" \/><br \/>\n <br \/> <br \/>\n <img decoding=\"async\" style=\"text-align:center\" src=\"https:\/\/ae01.alicdn.com\/kf\/Sa9144156d6cb4572b9ab8a4af836cc7fi.jpg?width=1000&amp;height=1000&amp;hash=2000\" \/><br \/>\n <br \/> <br \/>\n <img decoding=\"async\" style=\"text-align:center\" src=\"https:\/\/ae01.alicdn.com\/kf\/S4b3bdf55549c42d0992681fb7663a48d4.jpg?width=1000&amp;height=1000&amp;hash=2000\" \/><br \/>\n <br \/> <br \/>\n <img decoding=\"async\" style=\"text-align:center\" src=\"https:\/\/ae01.alicdn.com\/kf\/S6fe3edff9a4c42beba37787134a0954bT.jpg?width=1000&amp;height=1000&amp;hash=2000\" \/><br \/>\n <br \/> <br \/>\n <img decoding=\"async\" style=\"text-align:center\" src=\"https:\/\/ae01.alicdn.com\/kf\/Sa3629cfddcf4437fba6dc4cb23cb812a4.jpg?width=1000&amp;height=1000&amp;hash=2000\" \/><br \/>\n <br \/> <br \/>\n <img decoding=\"async\" style=\"text-align:center\" src=\"https:\/\/ae01.alicdn.com\/kf\/S1a2eac9e2eee4e5e9eca531c0883bd13d.jpg?width=1000&amp;height=1000&amp;hash=2000\" \/><br \/>\n <br \/> <br \/>\n <img decoding=\"async\" style=\"text-align:center\" src=\"https:\/\/ae01.alicdn.com\/kf\/Scce34cb63336450196b59e53c45037a6T.jpg?width=1000&amp;height=1000&amp;hash=2000\" \/><br \/>\n <br \/> <br \/>\n <img decoding=\"async\" style=\"text-align:center\" src=\"https:\/\/ae01.alicdn.com\/kf\/S0acd7e86f3f34ac1bb80fbfb98109961Q.jpg?width=1000&amp;height=1000&amp;hash=2000\" \/><br \/>\n <br \/> <br \/>\n <img decoding=\"async\" style=\"text-align:center\" src=\"https:\/\/ae01.alicdn.com\/kf\/S3740b6322dbe48398409e9250e3ca56b5.jpg?width=1000&amp;height=1000&amp;hash=2000\" \/><br \/>\n <br \/> <br \/>\n <img decoding=\"async\" style=\"text-align:center\" src=\"https:\/\/ae01.alicdn.com\/kf\/Sb3b6f783257d40fc98bc4db36863a549Y.jpg?width=1000&amp;height=1000&amp;hash=2000\" \/><br \/>\n <br \/> <br \/>\n <img decoding=\"async\" style=\"text-align:center\" src=\"https:\/\/ae01.alicdn.com\/kf\/Sc511e30f4db9420c86ce3a7bbc2124c0t.jpg?width=1000&amp;height=1000&amp;hash=2000\" \/><br \/>\n <br \/> <br \/>\n <img decoding=\"async\" style=\"text-align:center\" src=\"https:\/\/ae01.alicdn.com\/kf\/S69fa2391e0ad4d369f872c82f6bf858fN.jpg?width=1000&amp;height=1000&amp;hash=2000\" \/><br \/>\n <br \/> \n<\/div>\n<p> <\/div>\n<\/div>","protected":false},"excerpt":{"rendered":"<p>Caracter\u00edstica:&nbsp;Respetuoso con el medio ambiente,Rellenado Certificaci\u00f3n:&nbsp;CIQ Tipo:&nbsp;Tazas de caf\u00e9 Estilo:&nbsp;Al aire libre Material:&nbsp;Metal Forma:&nbsp;Empu\u00f1adura Origen:&nbsp;CN(Origen) Tipo de termo:&nbsp;Mugs Tipo de accesorio:&nbsp;Ninguno<\/p>","protected":false},"featured_media":810,"comment_status":"open","ping_status":"closed","template":"","meta":[],"product_brand":[],"product_cat":[29],"product_tag":[],"class_list":{"0":"post-3991","1":"product","2":"type-product","3":"status-publish","4":"has-post-thumbnail","6":"product_cat-accesorios-de-escritorio","8":"first","9":"instock","10":"taxable","11":"shipping-taxable","12":"purchasable","13":"product-type-variable"},"_links":{"self":[{"href":"https:\/\/buenaprofe.cl\/en\/wp-json\/wp\/v2\/product\/3991","targetHints":{"allow":["GET"]}}],"collection":[{"href":"https:\/\/buenaprofe.cl\/en\/wp-json\/wp\/v2\/product"}],"about":[{"href":"https:\/\/buenaprofe.cl\/en\/wp-json\/wp\/v2\/types\/product"}],"replies":[{"embeddable":true,"href":"https:\/\/buenaprofe.cl\/en\/wp-json\/wp\/v2\/comments?post=3991"}],"wp:featuredmedia":[{"embeddable":true,"href":"https:\/\/buenaprofe.cl\/en\/wp-json\/wp\/v2\/media\/810"}],"wp:attachment":[{"href":"https:\/\/buenaprofe.cl\/en\/wp-json\/wp\/v2\/media?parent=3991"}],"wp:term":[{"taxonomy":"product_brand","embeddable":true,"href":"https:\/\/buenaprofe.cl\/en\/wp-json\/wp\/v2\/product_brand?post=3991"},{"taxonomy":"product_cat","embeddable":true,"href":"https:\/\/buenaprofe.cl\/en\/wp-json\/wp\/v2\/product_cat?post=3991"},{"taxonomy":"product_tag","embeddable":true,"href":"https:\/\/buenaprofe.cl\/en\/wp-json\/wp\/v2\/product_tag?post=3991"}],"curies":[{"name":"wp","href":"https:\/\/api.w.org\/{rel}","templated":true}]}}