{"id":4009,"date":"2025-04-25T14:23:05","date_gmt":"2025-04-25T18:23:05","guid":{"rendered":"https:\/\/buenaprofe.cl\/product\/pin-be-the-teacher\/"},"modified":"2025-04-25T14:23:06","modified_gmt":"2025-04-25T18:23:06","slug":"pin-be-the-teacher","status":"publish","type":"product","link":"https:\/\/buenaprofe.cl\/en\/product\/pin-be-the-teacher\/","title":{"rendered":"\u201cBe The Teacher\u201d Pin"},"content":{"rendered":"<div class=\"product-specs-list-container\">\n<ul class=\"product-specs-list util-clearfix\">\n<li class=\"product-prop line-limit-length\"><span class=\"property-title\">Chemical of great concern:&nbsp;<\/span><span class=\"property-desc line-limit-length\">None<\/span>\n\t\t\t\t\t\t<\/li>\n<li class=\"product-prop line-limit-length\"><span class=\"property-title\">Gender:&nbsp;<\/span><span class=\"property-desc line-limit-length\">Women<\/span>\n\t\t\t\t\t\t<\/li>\n<li class=\"product-prop line-limit-length\"><span class=\"property-title\">Brooch type:&nbsp;<\/span><span class=\"property-desc line-limit-length\">Pins<\/span>\n\t\t\t\t\t\t<\/li>\n<li class=\"product-prop line-limit-length\"><span class=\"property-title\">Shape\/Pattern:&nbsp;<\/span><span class=\"property-desc line-limit-length\">GEOMETRIC<\/span>\n\t\t\t\t\t\t<\/li>\n<li class=\"product-prop line-limit-length\"><span class=\"property-title\">Style:&nbsp;<\/span><span class=\"property-desc line-limit-length\">Vintage<\/span>\n\t\t\t\t\t\t<\/li>\n<li class=\"product-prop line-limit-length\"><span class=\"property-title\">Material:&nbsp;<\/span><span class=\"property-desc line-limit-length\">Metal<\/span>\n\t\t\t\t\t\t<\/li>\n<li class=\"product-prop line-limit-length\"><span class=\"property-title\">Type of metals:&nbsp;<\/span><span class=\"property-desc line-limit-length\">Zinc alloy<\/span>\n\t\t\t\t\t\t<\/li>\n<li class=\"product-prop line-limit-length\"><span class=\"property-title\">Brand Name:&nbsp;<\/span><span class=\"property-desc line-limit-length\">MDKES<\/span>\n\t\t\t\t\t\t<\/li>\n<li class=\"product-prop line-limit-length\"><span class=\"property-title\">Item Type:&nbsp;<\/span><span class=\"property-desc line-limit-length\">Brooches<\/span>\n\t\t\t\t\t\t<\/li>\n<li class=\"product-prop line-limit-length\"><span class=\"property-title\">CN:&nbsp;<\/span><span class=\"property-desc line-limit-length\">Zhejiang<\/span>\n\t\t\t\t\t\t<\/li>\n<li class=\"product-prop line-limit-length\"><span class=\"property-title\">Fine or fashionable:&nbsp;<\/span><span class=\"property-desc line-limit-length\">Fashion<\/span>\n\t\t\t\t\t\t<\/li>\n<li class=\"product-prop line-limit-length\"><span class=\"property-title\">Origin:&nbsp;<\/span><span class=\"property-desc line-limit-length\">CN(Origin)<\/span>\n\t\t\t\t\t\t<\/li>\n<\/ul><\/div>\n<div class=\"detailmodule_html\">\n<div class=\"detail-desc-decorate-richtext\">\n<div style=\"margin:10px auto 0 !important;max-width:100% !important\">\n <img decoding=\"async\" src=\"https:\/\/ae01.alicdn.com\/kf\/S96672b8da54e457d91b7cc74f723bb44Y.jpg\" style=\"width:932px !important\" \/> <\/p>\n<div style=\"margin-top:-74.46% !important\">\n<div style=\"margin-left:0.0% !important;margin-top:0.0% !important;width:25.0% !important\">\n   <a href=\"http:\/\/www.aliexpress.com\/item\/detail\/1005008548922029.html\" target=\"_blank\"><img decoding=\"async\" src=\"https:\/\/ae01.alicdn.com\/kf\/S9d080506c8a543ec94fa4e3f9b62e98cr.png?width=233&amp;height=347&amp;hash=580\" style=\"width:233px !important;height:347px !important\" \/><\/a>\n  <\/div>\n<div style=\"margin-left:25.0% !important;margin-top:-37.23% !important;width:25.0% !important\">\n   <a href=\"http:\/\/www.aliexpress.com\/item\/detail\/1005008612065279.html\" target=\"_blank\"><img decoding=\"async\" src=\"https:\/\/ae01.alicdn.com\/kf\/S9d080506c8a543ec94fa4e3f9b62e98cr.png?width=233&amp;height=347&amp;hash=580\" style=\"width:233px !important;height:347px !important\" \/><\/a>\n  <\/div>\n<div style=\"margin-left:50.0% !important;margin-top:-37.23% !important;width:25.0% !important\">\n   <a href=\"http:\/\/www.aliexpress.com\/item\/detail\/1005008614290110.html\" target=\"_blank\"><img decoding=\"async\" src=\"https:\/\/ae01.alicdn.com\/kf\/S9d080506c8a543ec94fa4e3f9b62e98cr.png?width=233&amp;height=347&amp;hash=580\" style=\"width:233px !important;height:347px !important\" \/><\/a>\n  <\/div>\n<div style=\"margin-left:75.0% !important;margin-top:-37.23% !important;width:25.0% !important\">\n   <a href=\"http:\/\/www.aliexpress.com\/item\/detail\/1005008529804230.html\" target=\"_blank\"><img decoding=\"async\" src=\"https:\/\/ae01.alicdn.com\/kf\/S9d080506c8a543ec94fa4e3f9b62e98cr.png?width=233&amp;height=347&amp;hash=580\" style=\"width:233px !important;height:347px !important\" \/><\/a>\n  <\/div>\n<div style=\"margin-left:0.0% !important;margin-top:0.0% !important;width:25.0% !important\">\n   <a href=\"http:\/\/www.aliexpress.com\/item\/detail\/1005008542367533.html\" target=\"_blank\"><img decoding=\"async\" src=\"https:\/\/ae01.alicdn.com\/kf\/S9d080506c8a543ec94fa4e3f9b62e98cr.png?width=233&amp;height=347&amp;hash=580\" style=\"width:233px !important;height:347px !important\" \/><\/a>\n  <\/div>\n<div style=\"margin-left:25.0% !important;margin-top:-37.23% !important;width:25.0% !important\">\n   <a href=\"http:\/\/www.aliexpress.com\/item\/detail\/1005008511114950.html\" target=\"_blank\"><img decoding=\"async\" src=\"https:\/\/ae01.alicdn.com\/kf\/S9d080506c8a543ec94fa4e3f9b62e98cr.png?width=233&amp;height=347&amp;hash=580\" style=\"width:233px !important;height:347px !important\" \/><\/a>\n  <\/div>\n<div style=\"margin-left:50.0% !important;margin-top:-37.23% !important;width:25.0% !important\">\n   <a href=\"http:\/\/www.aliexpress.com\/item\/detail\/1005008511532841.html\" target=\"_blank\"><img decoding=\"async\" src=\"https:\/\/ae01.alicdn.com\/kf\/S9d080506c8a543ec94fa4e3f9b62e98cr.png?width=233&amp;height=347&amp;hash=580\" style=\"width:233px !important;height:347px !important\" \/><\/a>\n  <\/div>\n<div style=\"margin-left:75.0% !important;margin-top:-37.23% !important;width:25.0% !important\">\n   <a href=\"http:\/\/www.aliexpress.com\/item\/detail\/1005007993242378.html\" target=\"_blank\"><img decoding=\"async\" src=\"https:\/\/ae01.alicdn.com\/kf\/S9d080506c8a543ec94fa4e3f9b62e98cr.png?width=233&amp;height=347&amp;hash=580\" style=\"width:233px !important;height:347px !important\" \/><\/a>\n  <\/div>\n<\/p><\/div>\n<\/div>\n<p> <img decoding=\"async\" src=\"https:\/\/ae01.alicdn.com\/kf\/Sff3b1ad7f3a1417f83ddcbe5d86870d0V.jpg\" \/> <img decoding=\"async\" src=\"https:\/\/ae01.alicdn.com\/kf\/S48aae561e51348b6ada237210f08b689K.jpg\" \/> <img decoding=\"async\" src=\"https:\/\/ae01.alicdn.com\/kf\/Sc70a9da0e177401084884ae250e81e5bC.jpg\" \/> <img decoding=\"async\" src=\"https:\/\/ae01.alicdn.com\/kf\/S5a1a8dc8d3fc4d5799f6a2807024a70du.jpg\" \/> <\/p>\n<div style=\"margin:10px auto 0 !important;max-width:100% !important\">\n <img decoding=\"async\" src=\"https:\/\/ae01.alicdn.com\/kf\/S5fb79286ad744d66b30b01b1756e1234R.jpg\" style=\"width:932px !important\" \/>\n<\/div>\n<div style=\"margin:10px auto 0 !important;max-width:100% !important\">\n <img decoding=\"async\" src=\"https:\/\/ae01.alicdn.com\/kf\/S473d7ee7c90f423495cee13163b654c7T.jpg\" style=\"width:932px !important\" \/>\n<\/div>\n<\/p><\/div>\n<\/div>","protected":false},"excerpt":{"rendered":"<p>Producto qu\u00edmico muy preocupado:&nbsp;Ninguno G\u00e9nero:&nbsp;Mujeres Tipo de broche:&nbsp;Pasadores Forma\/Patr\u00f3n:&nbsp;GEOMETRIC Estilo:&nbsp;Vintage Material:&nbsp;Metal Tipo de metales:&nbsp;Aleaci\u00f3n del cinc Nombre de la marca:&nbsp;MDKES Tipo de art\u00edculo:&nbsp;Broches CN:&nbsp;Zhejiang Fina o de moda:&nbsp;Moda Origen:&nbsp;CN(Origen)<\/p>","protected":false},"featured_media":654,"comment_status":"open","ping_status":"closed","template":"","meta":[],"product_brand":[],"product_cat":[27],"product_tag":[],"class_list":{"0":"post-4009","1":"product","2":"type-product","3":"status-publish","4":"has-post-thumbnail","6":"product_cat-pines-para-profes","8":"first","9":"instock","10":"taxable","11":"shipping-taxable","12":"purchasable","13":"product-type-simple"},"_links":{"self":[{"href":"https:\/\/buenaprofe.cl\/en\/wp-json\/wp\/v2\/product\/4009","targetHints":{"allow":["GET"]}}],"collection":[{"href":"https:\/\/buenaprofe.cl\/en\/wp-json\/wp\/v2\/product"}],"about":[{"href":"https:\/\/buenaprofe.cl\/en\/wp-json\/wp\/v2\/types\/product"}],"replies":[{"embeddable":true,"href":"https:\/\/buenaprofe.cl\/en\/wp-json\/wp\/v2\/comments?post=4009"}],"wp:featuredmedia":[{"embeddable":true,"href":"https:\/\/buenaprofe.cl\/en\/wp-json\/wp\/v2\/media\/654"}],"wp:attachment":[{"href":"https:\/\/buenaprofe.cl\/en\/wp-json\/wp\/v2\/media?parent=4009"}],"wp:term":[{"taxonomy":"product_brand","embeddable":true,"href":"https:\/\/buenaprofe.cl\/en\/wp-json\/wp\/v2\/product_brand?post=4009"},{"taxonomy":"product_cat","embeddable":true,"href":"https:\/\/buenaprofe.cl\/en\/wp-json\/wp\/v2\/product_cat?post=4009"},{"taxonomy":"product_tag","embeddable":true,"href":"https:\/\/buenaprofe.cl\/en\/wp-json\/wp\/v2\/product_tag?post=4009"}],"curies":[{"name":"wp","href":"https:\/\/api.w.org\/{rel}","templated":true}]}}