{"id":4010,"date":"2025-04-25T14:23:08","date_gmt":"2025-04-25T18:23:08","guid":{"rendered":"https:\/\/buenaprofe.cl\/product\/pin-tears-of-my-students\/"},"modified":"2025-04-25T14:23:11","modified_gmt":"2025-04-25T18:23:11","slug":"pin-tears-of-my-students","status":"publish","type":"product","link":"https:\/\/buenaprofe.cl\/en\/product\/pin-tears-of-my-students\/","title":{"rendered":"Pin \u201cTears of my Students\u201d"},"content":{"rendered":"<div class=\"product-specs-list-container\">\n<ul class=\"product-specs-list util-clearfix\">\n<li class=\"product-prop line-limit-length\"><span class=\"property-title\">Chemical of great concern:&nbsp;<\/span><span class=\"property-desc line-limit-length\">None<\/span>\n\t\t\t\t\t\t<\/li>\n<li class=\"product-prop line-limit-length\"><span class=\"property-title\">Gender:&nbsp;<\/span><span class=\"property-desc line-limit-length\">Unisex<\/span>\n\t\t\t\t\t\t<\/li>\n<li class=\"product-prop line-limit-length\"><span class=\"property-title\">Model Number:&nbsp;<\/span><span class=\"property-desc line-limit-length\">Brooches<\/span>\n\t\t\t\t\t\t<\/li>\n<li class=\"product-prop line-limit-length\"><span class=\"property-title\">Brooch type:&nbsp;<\/span><span class=\"property-desc line-limit-length\">Brooches<\/span>\n\t\t\t\t\t\t<\/li>\n<li class=\"product-prop line-limit-length\"><span class=\"property-title\">Shape\/Pattern:&nbsp;<\/span><span class=\"property-desc line-limit-length\">Figure<\/span>\n\t\t\t\t\t\t<\/li>\n<li class=\"product-prop line-limit-length\"><span class=\"property-title\">Style:&nbsp;<\/span><span class=\"property-desc line-limit-length\">Classic<\/span>\n\t\t\t\t\t\t<\/li>\n<li class=\"product-prop line-limit-length\"><span class=\"property-title\">Material:&nbsp;<\/span><span class=\"property-desc line-limit-length\">Metal<\/span>\n\t\t\t\t\t\t<\/li>\n<li class=\"product-prop line-limit-length\"><span class=\"property-title\">Type of metals:&nbsp;<\/span><span class=\"property-desc line-limit-length\">Zinc alloy<\/span>\n\t\t\t\t\t\t<\/li>\n<li class=\"product-prop line-limit-length\"><span class=\"property-title\">Brand Name:&nbsp;<\/span><span class=\"property-desc line-limit-length\">Ramulus<\/span>\n\t\t\t\t\t\t<\/li>\n<li class=\"product-prop line-limit-length\"><span class=\"property-title\">Item Type:&nbsp;<\/span><span class=\"property-desc line-limit-length\">Brooches<\/span>\n\t\t\t\t\t\t<\/li>\n<li class=\"product-prop line-limit-length\"><span class=\"property-title\">CN:&nbsp;<\/span><span class=\"property-desc line-limit-length\">Guangdong<\/span>\n\t\t\t\t\t\t<\/li>\n<li class=\"product-prop line-limit-length\"><span class=\"property-title\">Fine or fashionable:&nbsp;<\/span><span class=\"property-desc line-limit-length\">Fashion<\/span>\n\t\t\t\t\t\t<\/li>\n<li class=\"product-prop line-limit-length\"><span class=\"property-title\">Origin:&nbsp;<\/span><span class=\"property-desc line-limit-length\">CN(Origin)<\/span>\n\t\t\t\t\t\t<\/li>\n<\/ul><\/div>\n<div class=\"detailmodule_html\">\n<div class=\"detail-desc-decorate-richtext\">\n<div class=\"detailmodule_html\">\n<div class=\"detail-desc-decorate-richtext\">\n<div style=\"position:relative;margin:0px auto\">\n   &nbsp;\n  <\/div>\n<div style=\"clear:both\"><\/div>\n<p>  <span style=\"font-size:18px\" id=\"tl_1\">1. Brooches Type: Brooches<\/span><br \/>\n  <br \/>\n  <span style=\"font-size:18px\" id=\"tl_2\">2. Gender: women, men<\/span><br \/>\n  <br \/>\n  <span style=\"font-size:18px\" id=\"tl_3\">3.Gift for: kids girl boy daughter son friend sister brother<\/span><br \/>\n  <br \/>\n  <span style=\"font-size:18px\" id=\"tl_4\">4. Decoration: bags, denim, hat, T-shirt, etc.<\/span><br \/>\n  <br \/>\n  <span style=\"font-size:18px\" id=\"tl_5\">5.Occasions: Anniversary, Engagement, Gift, Party, Wedding, Festivals, Travel, etc.<\/span><br \/>\n  <br \/>\n  <span style=\"font-size:18px\" id=\"tl_6\">6. Package includes: 1 piece.<\/span><br \/>\n  <br \/>&nbsp;<\/p>\n<div>\n<p><img decoding=\"async\" src=\"https:\/\/ae01.alicdn.com\/kf\/S3537e8f586564ad68820ca0b997e6952t.jpg\" style=\"width:1200px\" data-src=\"https:\/\/ae01.alicdn.com\/kf\/S3537e8f586564ad68820ca0b997e6952t.jpg\" \/><\/p>\n<p><img decoding=\"async\" src=\"https:\/\/ae01.alicdn.com\/kf\/S92995eb9881a430db5d589317d327080M.jpg\" style=\"width:1200px\" data-src=\"https:\/\/ae01.alicdn.com\/kf\/S92995eb9881a430db5d589317d327080M.jpg\" \/><\/p>\n<p><img decoding=\"async\" src=\"https:\/\/ae01.alicdn.com\/kf\/S6ef61e52d79449efbda7acb351d3affbc.jpg\" style=\"width:1200px\" data-src=\"https:\/\/ae01.alicdn.com\/kf\/S6ef61e52d79449efbda7acb351d3affbc.jpg\" \/><\/p>\n<p><img decoding=\"async\" src=\"https:\/\/ae01.alicdn.com\/kf\/S1270a0fce7134c6b81a2e85cfb5c82c00.jpg\" style=\"width:1200px\" data-src=\"https:\/\/ae01.alicdn.com\/kf\/S1270a0fce7134c6b81a2e85cfb5c82c00.jpg\" \/><\/p>\n<p><img decoding=\"async\" src=\"https:\/\/ae01.alicdn.com\/kf\/S79c3e20b3967478eb92825b175c29411W.jpg\" style=\"width:1200px\" data-src=\"https:\/\/ae01.alicdn.com\/kf\/S79c3e20b3967478eb92825b175c29411W.jpg\" \/><\/p>\n<p><img decoding=\"async\" src=\"https:\/\/ae01.alicdn.com\/kf\/S07faae279ae346cead0ce6d97df97d41q.jpg\" style=\"width:1200px\" data-src=\"https:\/\/ae01.alicdn.com\/kf\/S07faae279ae346cead0ce6d97df97d41q.jpg\" \/><\/p>\n<\/p><\/div>\n<p>&nbsp;&nbsp;\n <\/div>\n<\/div>\n<\/div>\n<\/div>","protected":false},"excerpt":{"rendered":"<p>Producto qu\u00edmico muy preocupado:&nbsp;Ninguno G\u00e9nero:&nbsp;Unisex N\u00famero de modelo:&nbsp;Brooches Tipo de broche:&nbsp;Broches Forma\/Patr\u00f3n:&nbsp;Figura Estilo:&nbsp;Cl\u00e1sico Material:&nbsp;Metal Tipo de metales:&nbsp;Aleaci\u00f3n del cinc Nombre de la marca:&nbsp;Ramulus Tipo de art\u00edculo:&nbsp;Broches CN:&nbsp;Guangdong Fina o de moda:&nbsp;Moda Origen:&nbsp;CN(Origen) &nbsp; 1. Tipo de broches: broches 2.G&eacute;nero: mujeres, hombres 3.Regalo para: ni&ntilde;os ni&ntilde;a ni&ntilde;o hija hijo amigo hermana hermano 4. Decoraci&oacute;n: bolsos, mezclilla, [&hellip;]<\/p>","protected":false},"featured_media":4011,"comment_status":"open","ping_status":"closed","template":"","meta":[],"product_brand":[],"product_cat":[27],"product_tag":[],"class_list":{"0":"post-4010","1":"product","2":"type-product","3":"status-publish","4":"has-post-thumbnail","6":"product_cat-pines-para-profes","8":"first","9":"instock","10":"taxable","11":"shipping-taxable","12":"purchasable","13":"product-type-simple"},"_links":{"self":[{"href":"https:\/\/buenaprofe.cl\/en\/wp-json\/wp\/v2\/product\/4010","targetHints":{"allow":["GET"]}}],"collection":[{"href":"https:\/\/buenaprofe.cl\/en\/wp-json\/wp\/v2\/product"}],"about":[{"href":"https:\/\/buenaprofe.cl\/en\/wp-json\/wp\/v2\/types\/product"}],"replies":[{"embeddable":true,"href":"https:\/\/buenaprofe.cl\/en\/wp-json\/wp\/v2\/comments?post=4010"}],"wp:featuredmedia":[{"embeddable":true,"href":"https:\/\/buenaprofe.cl\/en\/wp-json\/wp\/v2\/media\/4011"}],"wp:attachment":[{"href":"https:\/\/buenaprofe.cl\/en\/wp-json\/wp\/v2\/media?parent=4010"}],"wp:term":[{"taxonomy":"product_brand","embeddable":true,"href":"https:\/\/buenaprofe.cl\/en\/wp-json\/wp\/v2\/product_brand?post=4010"},{"taxonomy":"product_cat","embeddable":true,"href":"https:\/\/buenaprofe.cl\/en\/wp-json\/wp\/v2\/product_cat?post=4010"},{"taxonomy":"product_tag","embeddable":true,"href":"https:\/\/buenaprofe.cl\/en\/wp-json\/wp\/v2\/product_tag?post=4010"}],"curies":[{"name":"wp","href":"https:\/\/api.w.org\/{rel}","templated":true}]}}